{"id":48,"date":"2021-06-22T15:28:16","date_gmt":"2021-06-22T15:28:16","guid":{"rendered":"https:\/\/routex.45grad.de\/de\/about-routex\/"},"modified":"2025-11-18T09:28:11","modified_gmt":"2025-11-18T09:28:11","slug":"ueber-routex","status":"publish","type":"page","link":"https:\/\/routex.com\/de\/ueber-routex\/","title":{"rendered":"\u00dcber ROUTEX"},"content":{"rendered":"\n<p>Wo auch immer Sie sich in Europa befinden, eine Tankkarte mit ROUTEX-Funktionalit\u00e4t ist Ihr Schl\u00fcssel zum bargeldlosen Zugang zu hochwertigen Kraftstoffen, Schmierstoffen sowie anderen Produkten und Dienstleistungen f\u00fcr unterwegs. ROUTEX ist die internationale Netzwerkallianz von <a href=\"http:\/\/www.aral.de\/\" target=\"_blank\" rel=\"noreferrer noopener\">ARAL<\/a>, <a href=\"http:\/\/www.bp.com\/\" target=\"_blank\" rel=\"noreferrer noopener\">bp<\/a>, <a href=\"https:\/\/www.circlek.no\/\" target=\"_blank\" rel=\"noreferrer noopener\">Circle K Europe<\/a>, <a href=\"http:\/\/www.eni.com\/en_IT\/home.html\" target=\"_blank\" rel=\"noreferrer noopener\">enilive <\/a>und <a href=\"https:\/\/www.omv.com\/de\" target=\"_blank\" rel=\"noreferrer noopener\">OMV<\/a> und damit eines der gr\u00f6\u00dften Tankkartennetze in Europa.<\/p>\n\n\n\n<p>Ihre Tankkarte mit dem ROUTEX Logo ist der Schl\u00fcssel zu \u00fcber 21.000 Tankstellen in 34 L\u00e4ndern, darunter 7.600 Tankstellen, die f\u00fcr LKW und Busse besonders geeignet sind. ROUTEX Tankkarten werden von den meisten Mautbetreibern in ganz Europa akzeptiert, einschlie\u00dflich der Betreiber elektronischer Mautsysteme. Ihr Tankkartenaussteller informiert Sie \u00fcber die Details, wie Sie von diesem gro\u00dfartigen Angebot profitieren k\u00f6nnen.<\/p>\n\n\n\n<p>Ihre ROUTEX Tankkarte h\u00e4lt Sie auch im unangenehmen Fall einer Fahrzeugpanne mobil und bietet professionelle Pannendienste f\u00fcr LKW und Busse in ganz Europa. Wo auch immer Sie in Europa unterwegs sind, eine Tankstelle oder ein Dienstleister, der Ihre ROUTEX Tankkarte akzeptiert, ist immer in Ihrer N\u00e4he.<\/p>\n\n\n\n<p class=\"has-large-font-size\"><strong>Routex for Trucks<\/strong><\/p>\n\n\n\n<p>Das ROUTEX for TRUCKS Netzwerk umfast Tankstellen, die strategisch entlang aller wichtigen europ\u00e4ischen Hauptverkehrsstra\u00dfen liegen.<br>Diese Tankstellen bieten die Dienstleistungen und Einrichtungen, die von internationalen Spediteuren und LKWs ben\u00f6tigt werden: Qualit\u00e4tsdiesel, LKW-Diesel, wo verf\u00fcgbar, AdBlue und nat\u00fcrlich Hochgeschwindigkeitspumpen, die Ihre Fahrzeuge schnell betanken. Vielerorts gibt es eigene Lkw-Spuren sowie Einrichtungen und Annehmlichkeiten f\u00fcr den Fahrer (an unbemannten Standorten nicht verf\u00fcgbar).<br>Nat\u00fcrlich bieten alle ROUTEX for TRUCKS Tankstellen volle Online-Sicherheitsfunktionen, die standardm\u00e4\u00dfig in 100% des ROUTEX Tankstellennetzes verf\u00fcgbar sind.<br>Rund 3.000 ROUTEX for TRUCKS Standorte in 31 europ\u00e4ischen L\u00e4ndern akzeptieren heute Ihre ROUTEX Tankkarte. Nutzen Sie die Truck Routing Option des ROUTEX Standortfinders und suchen Sie nach Standorten entlang Ihrer bevorzugten Routen.<\/p>\n\n\n\n<p class=\"has-large-font-size\"><strong>Stra\u00dfensteuern, Mauten und Dienstleistungen<\/strong><\/p>\n\n\n\n<p>Die meisten europ\u00e4ischen Stra\u00dfenben\u00fctzungsabgaben und Mautgeb\u00fchren k\u00f6nnen mit Ihrer ROUTEX Tankkarte bezogen werden: Nutzen Sie Ihr Tankkartenkonto, um sich f\u00fcr post-paid On Board Units zu registrieren oder laden Sie pre-paid On Board Units auf, indem Sie einfach Ihre ROUTEX Tankkarte vorlegen. EUROVIGNETTES k\u00f6nnen auch online oder an Selbstbedienungsterminals erworben werden.<br>Tankkarten mit dem Routex-Logo werden an den Mautstellen der wichtigsten Tunnels und Br\u00fccken in ganz Europa akzeptiert. Wenn Sie herausfinden m\u00f6chten, f\u00fcr welche Steuern, Mautgeb\u00fchren oder Dienstleistungen Ihre ROUTEX Markentankkarte akzeptiert wird, fragen Sie einfach Ihren Kartenherausgeber.<\/p>\n","protected":false},"excerpt":{"rendered":"<p>Wo auch immer Sie sich in Europa befinden, eine Tankkarte mit ROUTEX-Funktionalit\u00e4t ist Ihr Schl\u00fcssel zum bargeldlosen Zugang zu hochwertigen Kraftstoffen, Schmierstoffen sowie anderen Produkten und Dienstleistungen f\u00fcr unterwegs. ROUTEX &#8230;<\/p>\n","protected":false},"author":1,"featured_media":0,"parent":0,"menu_order":0,"comment_status":"closed","ping_status":"closed","template":"","meta":{"_acf_changed":false,"inline_featured_image":false,"footnotes":""},"class_list":["post-48","page","type-page","status-publish","hentry"],"acf":[],"_links":{"self":[{"href":"https:\/\/routex.com\/de\/wp-json\/wp\/v2\/pages\/48","targetHints":{"allow":["GET"]}}],"collection":[{"href":"https:\/\/routex.com\/de\/wp-json\/wp\/v2\/pages"}],"about":[{"href":"https:\/\/routex.com\/de\/wp-json\/wp\/v2\/types\/page"}],"author":[{"embeddable":true,"href":"https:\/\/routex.com\/de\/wp-json\/wp\/v2\/users\/1"}],"replies":[{"embeddable":true,"href":"https:\/\/routex.com\/de\/wp-json\/wp\/v2\/comments?post=48"}],"version-history":[{"count":17,"href":"https:\/\/routex.com\/de\/wp-json\/wp\/v2\/pages\/48\/revisions"}],"predecessor-version":[{"id":226,"href":"https:\/\/routex.com\/de\/wp-json\/wp\/v2\/pages\/48\/revisions\/226"}],"wp:attachment":[{"href":"https:\/\/routex.com\/de\/wp-json\/wp\/v2\/media?parent=48"}],"curies":[{"name":"wp","href":"https:\/\/api.w.org\/{rel}","templated":true}]}}