{"id":51,"date":"2021-06-22T15:28:16","date_gmt":"2021-06-22T15:28:16","guid":{"rendered":"https:\/\/routex.45grad.de\/de\/privacy-policy\/"},"modified":"2021-07-09T14:26:42","modified_gmt":"2021-07-09T14:26:42","slug":"datenschutz","status":"publish","type":"page","link":"https:\/\/routex.com\/de\/datenschutz\/","title":{"rendered":"Datenschutzerkl\u00e4rung der Routex B.V."},"content":{"rendered":"\n<p><a href=\"https:\/\/www.routex.com\/fileadmin\/user_upload\/180525-datenschutzerklaerung-routex.pdf\" target=\"_blank\" rel=\"noreferrer noopener\">Version 1.0 \/ 25.05.2018 [PDF]<\/a><\/p>\n\n\n\n<p>ROUTEX B.V. nimmt den Schutz Ihrer pers\u00f6nlichen Daten sehr ernst und behandelt Ihre pers\u00f6nlichen Daten vertraulich und entsprechend den gesetzlichen Vorschriften.<br><br>Beachten Sie, dass die Daten\u00fcbertragung \u00fcber das Internet Sicherheitsl\u00fccken aufweisen kann. Ein vollst\u00e4ndiger Schutz vor dem Zugriff durch Dritte ist nicht m\u00f6glich.<br><br>Da ROUTEX B.V. selbst kein operatives Unternehmen ist, verarbeiten wir Kundendaten nur in Ausnahmef\u00e4llen. Wir verarbeiten Ihre personenbezogenen Daten  nur dann, wenn Sie mit einem unserer Allianzpartner \u00fcber das Kontaktformular auf dieser Website Kontakt aufnehmen oder wenn Sie uns eine E-Mail an eines unserer E-Mail-Konten senden. Diese Verarbeitung erfolgt zur Erf\u00fcllung Ihrer Anfragen und zur Beantwortung Ihrer Kontaktw\u00fcnsche.<br>Wir erheben und speichern die folgenden personenbezogenen Daten:<br>&#8211; Ihren Namen<br>&#8211; die Kontaktdaten, die Sie uns bei der Kontaktaufnahme mitteilen<br>&#8211; den Zeitpunkt, zu dem Sie uns kontaktiert haben<br><br>Wenn Sie das auf dieser Website zur Verf\u00fcgung gestellte Kontaktformular nutzen, leiten wir Ihre Anfrage einschlie\u00dflich der \u00fcber unsere Systeme bekannt gegebenen personenbezogenen Daten entsprechend Ihrer Auswahl an die Mitglieder der ROUTEX Network Alliance weiter. Wir speichern Ihre Daten drei Monate lang, um Ihnen im Falle von R\u00fcckfragen Auskunft geben zu k\u00f6nnen. Nach drei Monaten werden Ihre pers\u00f6nlichen Daten, die wir auf diese Weise erhalten haben, endg\u00fcltig aus unseren operativen Systemen gel\u00f6scht. Es ist aus technischen Gr\u00fcnden nicht auszuschlie\u00dfen, dass diese Daten dennoch in Archivkopien aufbewahrt werden. Wenn Sie das Kontaktformular verwenden, erhalten Sie au\u00dfer der Best\u00e4tigungs-E-Mail, dass Ihre Anfrage weitergeleitet wurde, keine weitere E-Mail von Routex B.V., es sei denn, Sie w\u00fcnschen dies ausdr\u00fccklich.<br>Wenn Sie uns eine E-Mail senden, werden wir Ihre pers\u00f6nlichen Daten mindestens sieben Jahre lang aufbewahren, wenn keine gesetzliche Verpflichtung f\u00fcr eine l\u00e4ngere Aufbewahrung besteht oder wenn unsere berechtigten Interessen dies erfordern.<br><br><strong>Web-Zugangsdaten<\/strong><br><br>Wenn Sie auf unsere Website zugreifen, erheben unsere Provider, die iS-Fun Internet Services GmbH, Badhausweg 8, 76307 Karlsbad, Deutschland, info@is-fun.de, und die WIGeoGIS Softwareerstellungs- und Handelsgesellschaft m.b.H., Hansalgasse 3, 1030 Wien, \u00d6sterreich, vie@wigeogis.com, Daten \u00fcber den Zugriff auf die Website und speichern diese als &#8222;Server-Logfiles&#8220;. Folgende Daten werden auf diese Weise protokolliert:<br>&#8211; Besuchte Seiten<br>&#8211; Uhrzeit zum Zeitpunkt des Zugriffs<br>&#8211; Menge der gesendeten Daten in Bytes<br>&#8211; Quelle\/Verweis, von der Sie auf die Seite gekommen sind<br>&#8211; Ihre IP-Adresse<br>&#8211; Verwendeter Browser<br>&#8211; Verwendetes Betriebssystem<br><br>Die erhobenen Daten werden ausschlie\u00dflich f\u00fcr statistische Auswertungen und zur Verbesserung der Website verwendet. Die Anbieter der Seiten behalten sich jedoch vor, die Server-Logfiles nachtr\u00e4glich zu \u00fcberpr\u00fcfen, wenn sich konkrete Anhaltspunkte f\u00fcr eine rechtswidrige Nutzung ergeben. Die Server-Logfiles werden f\u00fcr drei Monate aufbewahrt, um eine technische Absicherung unserer Website zu erm\u00f6glichen.<br>Sie k\u00f6nnen uns \u00fcber die in diesem Impressum angegebenen Kontaktdaten erreichen.<br><br><strong>Cookies<\/strong><br><br>Diese Website verwendet Cookies. Beim ersten Zugriff auf unsere Website werden Sie aufgefordert, Ihre Cookie-Einstellungen zu verwalten und zu best\u00e4tigen. Cookies sind kleine Textdateien, die auf Ihrem Ger\u00e4t gespeichert werden. Ihr Browser greift auf diese Dateien zu. Durch den Einsatz von Cookies wird die Benutzerfreundlichkeit und Sicherheit dieser Website erh\u00f6ht. G\u00e4ngige Browser bieten die Einstellm\u00f6glichkeit, Cookies nicht zu akzeptieren. Hinweis: Es kann nicht garantiert werden, dass Sie alle Funktionen dieser Website uneingeschr\u00e4nkt nutzen k\u00f6nnen, wenn Sie die entsprechenden Einstellungen vornehmen.<br>Wenn Sie den Sitefinder oder den Routenplaner verwenden, werden diese Dienste von der BING Map Platform von Microsoft(c) bereitgestellt. Microsoft kann in Verbindung mit Transaktionsanfragen an die Dienste Informationen von Ihnen erfassen, wie z. B. die IP-Adresse eines Endnutzers, Anfragen, die Zeit der \u00dcbermittlung und die an den Endnutzer zur\u00fcckgegebenen Ergebnisse. Wenn Sie Bing Maps verwenden, verstehen Sie und erkennen an, dass die Dienste nicht identifizierbare Daten \u00fcber Ihre Nutzung der Dienste sammeln. Sie erkl\u00e4ren sich damit einverstanden, dass Microsoft diese Daten an Dritte weitergibt. Jeglicher Zugriff auf die Dienste und deren Nutzung unterliegt den Datenpraktiken, die in der jeweils aktuellen <a href=\"https:\/\/privacy.microsoft.com\/de-de\/privacystatement\" target=\"_blank\" rel=\"noreferrer noopener\">Microsoft-Datenschutzerkl\u00e4rung<\/a> dargelegt sind.<br><br><strong>Google-Analytics<\/strong><br><br>Diese Website benutzt den Dienst &#8222;Google Analytics&#8220;, der von der Google Inc. (1600 Amphitheatre Parkway Mountain View, CA 94043, USA) zur Verf\u00fcgung gestellt wird, um eine Analyse der Benutzung der Website durch die Nutzer zu erm\u00f6glichen. Der Dienst verwendet &#8222;Cookies&#8220; &#8211; Textdateien, die auf Ihrem Ger\u00e4t gespeichert werden. Die durch die Cookies gesammelten Informationen werden in der Regel an einen Server von Google in den USA \u00fcbertragen und dort gespeichert. Auf dieser Website wird die IP-Anonymisierung verwendet. Dabei wird die IP-Adresse der Nutzer innerhalb der Mitgliedsstaaten der EU und des Europ\u00e4ischen Wirtschaftsraums gek\u00fcrzt. Durch diese K\u00fcrzung entf\u00e4llt der Personenbezug zu Ihrer IP-Adresse. Im Rahmen des zwischen den Betreibern der Website und der Google Inc. geschlossenen Vertragsdatenvertrages wird Google die Informationen nutzen, um die Nutzung der Website und die Websiteaktivit\u00e4ten zu erheben und auszuwerten sowie um weitere mit der Internetnutzung verbundene Dienstleistungen zu erbringen.<\/p>\n\n\n\n<p>Sie haben die M\u00f6glichkeit, die Speicherung von Cookies auf Ihrem Ger\u00e4t zu verhindern, indem Sie die entsprechenden Einstellungen in Ihrem Browser vornehmen. Es kann nicht garantiert werden, dass Sie alle Funktionen dieser Website ohne Einschr\u00e4nkungen nutzen k\u00f6nnen, wenn Ihr Browser keine Cookies zul\u00e4sst.<br>Sie k\u00f6nnen dar\u00fcber hinaus die Erfassung der durch das Cookie erzeugten und auf Ihre Nutzung der Website bezogenen Daten (inkl. Ihrer IP-Adresse) an Google sowie die Verarbeitung dieser Daten durch Google verhindern, indem sie das Browser-Plugin aktivieren. Der folgende Link f\u00fchrt Sie zu dem entsprechenden Plugin: <a rel=\"noreferrer noopener\" href=\"https:\/\/tools.google.com\/dlpage\/gaoptout?hl=de\" target=\"_blank\">https:\/\/tools.google.com\/dlpage\/gaoptout?hl=de<\/a><br>Hier finden Sie weitere Informationen zur Datennutzung durch Google Inc.: <a rel=\"noreferrer noopener\" href=\"https:\/\/tools.google.com\/dlpage\/gaoptout?hl=de\" target=\"_blank\">https:\/\/support.google.com\/analytics\/answer\/6004245?hl=de<\/a><\/p>\n\n\n\n<h2 class=\"wp-block-heading\">Hyperlinks<\/h2>\n\n\n\n<p>Die ROUTEX-Webseiten k\u00f6nnen zu Ihrer Information und Bequemlichkeit externe Links zu Webseiten Dritter enthalten. Wenn Sie auf diese Links zugreifen, verlassen Sie die ROUTEX-Website. ROUTEX hat keine Kontrolle \u00fcber diese Websites oder deren Datenschutzrichtlinien, die von denen von ROUTEX abweichen k\u00f6nnen. Wir bef\u00fcrworten die Websites Dritter nicht und geben auch keine Zusicherungen zu diesen Websites ab. Die ROUTEX-Datenschutzerkl\u00e4rung erstreckt sich nicht auf die pers\u00f6nlichen Daten, die Sie an Dritte weitergeben. Wir empfehlen Ihnen, die Datenschutzrichtlinien jedes Unternehmens zu \u00fcberpr\u00fcfen, bevor Sie Ihre pers\u00f6nlichen Daten \u00fcbermitteln. Einige Drittfirmen k\u00f6nnen sich dazu entschlie\u00dfen, Ihre pers\u00f6nlichen Daten mit ROUTEX zu teilen; diese Teilung wird durch die Datenschutzrichtlinien dieser Drittfirma geregelt.<\/p>\n\n\n\n<h2 class=\"wp-block-heading\">Ihre Rechte<\/h2>\n\n\n\n<p>Sie haben die Rechte auf Auskunft, Berichtigung, L\u00f6schung, Einschr\u00e4nkung, Daten\u00fcbertragbarkeit und Widerspruch gegen die Datenverarbeitung. Hierzu wenden Sie sich bitte an die im <a href=\"https:\/\/routex.com\/de\/routex-impressum\/\" data-type=\"page\" data-id=\"52\">Impressum <\/a>angegebenen Kontaktdaten. Wenn Sie der Ansicht sind, dass die Verarbeitung Ihrer Daten gegen das Datenschutzrecht verst\u00f6\u00dft oder Ihre datenschutzrechtlichen Anspr\u00fcche sonst in irgendeiner Weise verletzt worden sind, k\u00f6nnen Sie sich bei der zust\u00e4ndigen Aufsichtsbeh\u00f6rde beschweren.<\/p>\n","protected":false},"excerpt":{"rendered":"<p>Version 1.0 \/ 25.05.2018 [PDF] ROUTEX B.V. nimmt den Schutz Ihrer pers\u00f6nlichen Daten sehr ernst und behandelt Ihre pers\u00f6nlichen Daten vertraulich und entsprechend den gesetzlichen Vorschriften. Beachten Sie, dass die &#8230;<\/p>\n","protected":false},"author":1,"featured_media":0,"parent":0,"menu_order":0,"comment_status":"closed","ping_status":"closed","template":"","meta":{"_acf_changed":false,"inline_featured_image":false,"footnotes":""},"class_list":["post-51","page","type-page","status-publish","hentry"],"acf":[],"_links":{"self":[{"href":"https:\/\/routex.com\/de\/wp-json\/wp\/v2\/pages\/51","targetHints":{"allow":["GET"]}}],"collection":[{"href":"https:\/\/routex.com\/de\/wp-json\/wp\/v2\/pages"}],"about":[{"href":"https:\/\/routex.com\/de\/wp-json\/wp\/v2\/types\/page"}],"author":[{"embeddable":true,"href":"https:\/\/routex.com\/de\/wp-json\/wp\/v2\/users\/1"}],"replies":[{"embeddable":true,"href":"https:\/\/routex.com\/de\/wp-json\/wp\/v2\/comments?post=51"}],"version-history":[{"count":14,"href":"https:\/\/routex.com\/de\/wp-json\/wp\/v2\/pages\/51\/revisions"}],"predecessor-version":[{"id":162,"href":"https:\/\/routex.com\/de\/wp-json\/wp\/v2\/pages\/51\/revisions\/162"}],"wp:attachment":[{"href":"https:\/\/routex.com\/de\/wp-json\/wp\/v2\/media?parent=51"}],"curies":[{"name":"wp","href":"https:\/\/api.w.org\/{rel}","templated":true}]}}