{"id":4,"date":"2021-07-07T13:41:59","date_gmt":"2021-07-07T13:41:59","guid":{"rendered":"https:\/\/routex.com\/fr\/about-routex\/"},"modified":"2025-11-18T10:53:08","modified_gmt":"2025-11-18T10:53:08","slug":"a-propos-de-routex","status":"publish","type":"page","link":"https:\/\/routex.com\/fr\/a-propos-de-routex\/","title":{"rendered":"\u00c0 propos de Routex"},"content":{"rendered":"\n<p>O\u00f9 que vous soyez en Europe, une carte carburant dot\u00e9e de la fonctionnalit\u00e9 ROUTEX est votre cl\u00e9 pour acc\u00e9der sans monnaie \u00e0 des carburants, lubrifiants et autres produits et services routiers de qualit\u00e9. ROUTEX est une alliance de r\u00e9seaux internationaux entre <a href=\"http:\/\/www.aral.de\/\" data-type=\"URL\" data-id=\"http:\/\/www.aral.de\/\" target=\"_blank\" rel=\"noreferrer noopener\">ARAL<\/a>, <a href=\"http:\/\/www.bp.com\/\" data-type=\"URL\" data-id=\"http:\/\/www.bp.com\/\" target=\"_blank\" rel=\"noreferrer noopener\">bp<\/a>, <a href=\"https:\/\/www.circlek.no\/\" data-type=\"URL\" data-id=\"https:\/\/www.circlek.no\/\" target=\"_blank\" rel=\"noreferrer noopener\">Circle K Europe<\/a>, <a href=\"http:\/\/www.eni.com\/en_IT\/home.html\" data-type=\"URL\" data-id=\"http:\/\/www.eni.com\/en_IT\/home.html\" target=\"_blank\" rel=\"noreferrer noopener\">enilive<\/a>et <a href=\"https:\/\/www.omv.com\/en\" data-type=\"URL\" data-id=\"http:\/\/www.omv.com\/portal\/01\/com\" target=\"_blank\" rel=\"noreferrer noopener\">OMV<\/a>, ce qui en fait l&rsquo;un des plus grands r\u00e9seaux de distribution de carburant en Europe.<\/p>\n\n\n\n<p>Votre carte carburant munie de la fonctionalit\u00e9 ROUTEX vous donne acc\u00e8s \u00e0 plus de 21 000 sites dans 34 pays, dont 7 600 sites desservant des camions et des bus. Les cartes carburant portant la marque ROUTEX sont accept\u00e9es par la plupart des op\u00e9rateurs de p\u00e9age en Europe, y compris les op\u00e9rateurs de t\u00e9l\u00e9p\u00e9age. L&rsquo;\u00e9metteur de votre carte carburant peut vous indiquer comment b\u00e9n\u00e9ficier de cette offre exceptionnelle.<\/p>\n\n\n\n<p>Votre carte carburant portant la marque ROUTEX vous permet de continuer \u00e0 avancer m\u00eame dans le cas d\u00e9sagr\u00e9able d&rsquo;une panne de v\u00e9hicule, en fournissant des services de d\u00e9pannage professionnels pour les camions et les bus dans toute l&rsquo;Europe. O\u00f9 que vous alliez en Europe, une station-service ou un prestataire de services acceptant votre carte carburant portant la marque ROUTEX sera toujours \u00e0 sa port\u00e9e.<\/p>\n\n\n\n<h2 class=\"wp-block-heading\">Routex for Trucks  <\/h2>\n\n\n\n<p>Le r\u00e9seau ROUTEX for TRUCKS est form\u00e9 de sites strat\u00e9giquement situ\u00e9s le long de tous les principaux corridors routiers europ\u00e9ens.<\/p>\n\n\n\n<p>Ces sites offrent les services et les \u00e9quipements requis par les transporteurs internationaux et les poids lourds : Du diesel de qualit\u00e9, du diesel pour camions lorsqu&rsquo;il est disponible, de l&rsquo;AdBlue et, bien s\u00fbr, des pompes \u00e0 grande vitesse qui permettent de faire le plein de vos v\u00e9hicules rapidement. Dans de nombreux endroits, des voies r\u00e9serv\u00e9es aux camions sont disponibles ainsi que des installations et des commodit\u00e9s pour le conducteur (non disponibles sur les sites non surveill\u00e9s).<\/p>\n\n\n\n<p>Bien entendu, tous les sites ROUTEX for TRUCKS offrent des fonctions de s\u00e9curit\u00e9 en ligne compl\u00e8tes, qui sont disponibles en standard sur la totalit\u00e9 du r\u00e9seau de stations-service ROUTEX.<\/p>\n\n\n\n<p>3 000 sites ROUTEX for TRUCKS dans 31 pays europ\u00e9ens acceptent aujourd&rsquo;hui votre carte portant la marque ROUTEX. Utilisez l&rsquo;option \u00ab\u00a0Truck Routing\u00a0\u00bb de la fonction de recherche de sites ROUTEX et v\u00e9rifiez les sites le long de vos itin\u00e9raires pr\u00e9f\u00e9r\u00e9s.<\/p>\n\n\n\n<h2 class=\"wp-block-heading\"> Road Tax, Tolls &amp; Services <\/h2>\n\n\n\n<p>La plupart des taxes routi\u00e8res europ\u00e9ennes peuvent \u00eatre obtenues \u00e0 l&rsquo;aide de votre carte carburant portant la marque ROUTEX: utilisez le compte de votre carte carburant pour vous inscrire \u00e0 des boites electroniques ainsi pour beneficier du post-payment ou pour les recharger en fonction de pr\u00e9-payment en utilisant simplement votre carte carburant de marque ROUTEX. Les EUROVIGNETTES peuvent \u00e9galement \u00eatre achet\u00e9es en ligne ou aux bornes en libre-service.<\/p>\n\n\n\n<p>Les cartes portant la marque ROUTEX sont accept\u00e9es aux p\u00e9ages des plus grands tunnels et ponts d&rsquo;Europe. Si vous souhaitez conna\u00eetre les taxes, p\u00e9ages ou services pour lesquels votre carte carburant de marque ROUTEX est accept\u00e9e, il suffit de demander \u00e0 l&rsquo;\u00e9metteur de votre carte Routex.<\/p>\n","protected":false},"excerpt":{"rendered":"<p>O\u00f9 que vous soyez en Europe, une carte carburant dot\u00e9e de la fonctionnalit\u00e9 ROUTEX est votre cl\u00e9 pour acc\u00e9der sans monnaie \u00e0 des carburants, lubrifiants et autres produits et services &#8230;<\/p>\n","protected":false},"author":1,"featured_media":0,"parent":0,"menu_order":0,"comment_status":"closed","ping_status":"closed","template":"","meta":{"_acf_changed":false,"inline_featured_image":false,"footnotes":""},"class_list":["post-4","page","type-page","status-publish","hentry"],"acf":[],"_links":{"self":[{"href":"https:\/\/routex.com\/fr\/wp-json\/wp\/v2\/pages\/4","targetHints":{"allow":["GET"]}}],"collection":[{"href":"https:\/\/routex.com\/fr\/wp-json\/wp\/v2\/pages"}],"about":[{"href":"https:\/\/routex.com\/fr\/wp-json\/wp\/v2\/types\/page"}],"author":[{"embeddable":true,"href":"https:\/\/routex.com\/fr\/wp-json\/wp\/v2\/users\/1"}],"replies":[{"embeddable":true,"href":"https:\/\/routex.com\/fr\/wp-json\/wp\/v2\/comments?post=4"}],"version-history":[{"count":13,"href":"https:\/\/routex.com\/fr\/wp-json\/wp\/v2\/pages\/4\/revisions"}],"predecessor-version":[{"id":340,"href":"https:\/\/routex.com\/fr\/wp-json\/wp\/v2\/pages\/4\/revisions\/340"}],"wp:attachment":[{"href":"https:\/\/routex.com\/fr\/wp-json\/wp\/v2\/media?parent=4"}],"curies":[{"name":"wp","href":"https:\/\/api.w.org\/{rel}","templated":true}]}}