{"id":7,"date":"2021-07-07T13:41:59","date_gmt":"2021-07-07T13:41:59","guid":{"rendered":"https:\/\/routex.com\/fr\/privacy-policy\/"},"modified":"2021-12-23T09:32:54","modified_gmt":"2021-12-23T09:32:54","slug":"declaration-de-confidentialite-de-routex-b-v","status":"publish","type":"page","link":"https:\/\/routex.com\/fr\/declaration-de-confidentialite-de-routex-b-v\/","title":{"rendered":"D\u00e9claration de confidentialit\u00e9 de ROUTEX B.V."},"content":{"rendered":"\n<p><a href=\"http:\/\/routex.com\/wp-content\/uploads\/2021\/06\/Routex-BV-Privacy-Statement-20210623.pdf\" data-type=\"URL\" data-id=\"http:\/\/routex.com\/wp-content\/uploads\/2021\/06\/Routex-BV-Privacy-Statement-20210623.pdf\" target=\"_blank\" rel=\"noreferrer noopener\">T\u00e9l\u00e9charger la d\u00e9claration de confidentialit\u00e9 en PDF<\/a><\/p>\n\n\n\n<p>ROUTEX B.V. prend la protection de vos donn\u00e9es personnelles tr\u00e8s au s\u00e9rieux et traite vos donn\u00e9es personnelles de mani\u00e8re confidentielle et conform\u00e9ment aux dispositions l\u00e9gales.<\/p>\n\n\n\n<p>ROUTEX B.V. n&rsquo;\u00e9tant pas elle-m\u00eame une soci\u00e9t\u00e9 op\u00e9rationnelle, nous ne traitons les donn\u00e9es des clients que dans des cas exceptionnels. Nous traitons vos donn\u00e9es personnelles uniquement lorsque vous contactez l&rsquo;un de nos partenaires de l&rsquo;Alliance en utilisant le formulaire de contact de ce site web ou lorsque vous nous envoyez un e-mail \u00e0 l&rsquo;un de nos comptes e-mail. Ce traitement a lieu pour r\u00e9pondre \u00e0 vos demandes de renseignements et \u00e0 vos demandes de contact.<\/p>\n\n\n\n<p><strong>Nous collectons et stockons les donn\u00e9es personnelles suivantes:<\/strong><\/p>\n\n\n\n<ul class=\"wp-block-list\"><li>votre nom<\/li><li>les coordonn\u00e9es que vous nous fournissez lorsque vous nous contactez<\/li><li>l&rsquo;heure \u00e0 laquelle vous nous avez contact\u00e9s<\/li><\/ul>\n\n\n\n<p>Si vous utilisez le formulaire de contact disponible sur ce site, nous transmettrons votre demande, y compris les donn\u00e9es personnelles divulgu\u00e9es via nos syst\u00e8mes, aux membres de l&rsquo;alliance du r\u00e9seau ROUTEX selon votre s\u00e9lection. Nous conservons vos donn\u00e9es pendant trois mois afin d&rsquo;\u00eatre en capacit\u00e9 de vous fournir des informations en cas de demandes. Apr\u00e8s trois mois, les donn\u00e9es personnelles que nous avons re\u00e7ues de cette mani\u00e8re seront d\u00e9finitivement supprim\u00e9es de nos syst\u00e8mes op\u00e9rationnels. Pour des raisons techniques, il ne peut \u00eatre exclu que ces donn\u00e9es soient n\u00e9anmoins conserv\u00e9es dans des copies d&rsquo;archives. Si vous utilisez le formulaire de contact, vous ne recevrez pas d&rsquo;e-mail de Routex B.V., \u00e0 l&rsquo;exception de l&rsquo;e-mail de confirmation de la transmission de votre demande, sauf si vous en faites express\u00e9ment la demande.<\/p>\n\n\n\n<p>Si vous nous envoyez un E-mail, nous conserverons vos donn\u00e9es personnelles pendant au moins sept ans s&rsquo;il n&rsquo;y a pas d&rsquo;obligation l\u00e9gale pour un stockage plus long ou si nos int\u00e9r\u00eats justifi\u00e9s l&rsquo;exigent.<\/p>\n\n\n\n<p><strong>Donn\u00e9es sur l&rsquo;acc\u00e8s au Web<\/strong><\/p>\n\n\n\n<p>Lorsque vous acc\u00e9dez \u00e0 notre site web, nos fournisseurs, iS-Fun Internet Services GmbH, Badhausweg 8, 76307 Karlsbad, Allemagne, info@is-fun.de, et WIGeoGIS Softwareerstellungs- und Handelsgesellschaft m.b.H., Hansalgasse 3, 1030 Vienne, Autriche, vie@wigeogis.com, collectent des donn\u00e9es sur l&rsquo;acc\u00e8s au site et les enregistrent en tant que \u00ab\u00a0server log files\u00a0\u00bb. Les donn\u00e9es suivantes sont enregistr\u00e9es de cette mani\u00e8re :<\/p>\n\n\n\n<ul class=\"wp-block-list\"><li>Pages visit\u00e9es<\/li><li>temps au moment de l&rsquo;acc\u00e8s<\/li><li>Quantit\u00e9 de donn\u00e9es envoy\u00e9es en bytes (octets)<\/li><li>Source\/r\u00e9f\u00e9rence \u00e0 partir de laquelle vous \u00eates arriv\u00e9 sur la page<\/li><li>votre adresse IP<\/li><li>Navigateur utilis\u00e9<\/li><li>Syst\u00e8me op\u00e9rationnel utilis\u00e9<\/li><\/ul>\n\n\n\n<p>Les donn\u00e9es collect\u00e9es sont utilis\u00e9es uniquement pour des \u00e9valuations statistiques et pour am\u00e9liorer le site web. Les fournisseurs du site web se r\u00e9servent toutefois le droit de v\u00e9rifier ult\u00e9rieurement les server log files s&rsquo;il existe des indices concrets d&rsquo;utilisation ill\u00e9gale. Les server log files sont conserv\u00e9s pendant trois mois afin de permettre la protection technique de notre site web.<\/p>\n\n\n\n<p>Vous pouvez nous contacter en utilisant les coordonn\u00e9es indiqu\u00e9es dans <a href=\"https:\/\/routex.com\/fr\/routex-imprint\/\" data-type=\"page\" data-id=\"8\">l&rsquo;imprim\u00e9<\/a>.<\/p>\n\n\n\n<p><strong>Cookies<\/strong><\/p>\n\n\n\n<p>Ce site web utilise des cookies. Lorsque vous acc\u00e9dez \u00e0 notre site web pour la premi\u00e8re fois, il vous sera demand\u00e9 de g\u00e9rer et de consentir vos param\u00e8tres de cookies. Les cookies sont de petits fichiers texte qui sont stock\u00e9s sur votre appareil. Votre navigateur acc\u00e8de \u00e0 ces fichiers. L&rsquo;utilisation de cookies augmente la convivialit\u00e9 et la s\u00e9curit\u00e9 de ce site web. Les navigateurs courants offrent l&rsquo;option de r\u00e9glage permettant de ne pas accepter les cookies. Remarque: il n&rsquo;est pas garanti que vous puissiez acc\u00e9der \u00e0 toutes les fonctions de ce site web sans restrictions si vous effectuez les r\u00e9glages appropri\u00e9s.<\/p>\n\n\n\n<p>Lorsque vous utilisez le sitefinder ou le planificateur d&rsquo;itin\u00e9raire, ces services sont fournis par la plateforme BING Map de Microsoft(c). Microsoft peut recueillir des informations appartenant \u00e0 vous, telles que, mais sans s&rsquo;y limiter, l&rsquo;adresse IP d&rsquo;un utilisateur final, les demandes, l&rsquo;heure des soumissions et les r\u00e9sultats renvoy\u00e9s \u00e0 l&rsquo;utilisateur final, en relation avec les demandes de transaction aux services. Si vous utilisez Bing Maps, vous comprenez et reconnaissez que les Services collectent des donn\u00e9es non identifiables sur votre utilisation des Services. Vous acceptez que Microsoft transmette ces donn\u00e9es \u00e0 des tiers. L&rsquo;acc\u00e8s aux services et leur utilisation sont soumis aux pratiques en mati\u00e8re de donn\u00e9es \u00e9nonc\u00e9es dans la <a href=\"https:\/\/privacy.microsoft.com\/fr-fr\/privacystatement\" data-type=\"URL\" data-id=\"https:\/\/privacy.microsoft.com\/fr-fr\/privacystatement\" target=\"_blank\" rel=\"noreferrer noopener\">d\u00e9claration de confidentialit\u00e9 de Microsoft <\/a>alors en vigueur.<\/p>\n\n\n\n<p><strong>Google Analytics<\/strong> <\/p>\n\n\n\n<p>Ce site utilise le service \u00ab\u00a0Google Analytics\u00a0\u00bb, fourni par Google Inc. (1600 Amphitheatre Parkway Mountain View, CA 94043, USA) pour analyser l&rsquo;utilisation du site par les utilisateurs. Ce service utilise des \u00ab\u00a0cookies\u00a0\u00bb, des fichiers texte qui sont enregistr\u00e9s sur votre appareil. Les informations recueillies par les cookies sont g\u00e9n\u00e9ralement envoy\u00e9es \u00e0 un serveur de Google aux \u00c9tats-Unis et y sont stock\u00e9es. L&rsquo;anonymisation IP est utilis\u00e9e sur ce site web. L&rsquo;adresse IP des utilisateurs au sein des \u00c9tats membres de l&rsquo;UE et de l&rsquo;Espace \u00e9conomique europ\u00e9en sera r\u00e9duite. Cette r\u00e9duction \u00e9limine la r\u00e9f\u00e9rence personnelle \u00e0 votre adresse IP. Dans le cadre de l&rsquo;accord sur les donn\u00e9es contractuelles conclu entre les exploitants du site Web et Google Inc, Google utilise les informations pour collecter et \u00e9valuer l&rsquo;utilisation du site Web et l&rsquo;activit\u00e9 du site Web, ainsi que pour fournir des services li\u00e9s \u00e0 l&rsquo;utilisation d&rsquo;Internet.<\/p>\n\n\n\n<p>Vous avez la possibilit\u00e9 d&#8217;emp\u00eacher le stockage de cookies sur votre appareil en effectuant les r\u00e9glages appropri\u00e9s dans votre navigateur. Il n&rsquo;est pas garanti que vous puissiez acc\u00e9der \u00e0 toutes les fonctions de ce site web sans restrictions si votre navigateur n&rsquo;autorise pas les cookies.<\/p>\n\n\n\n<p>En outre, vous pouvez utiliser un plug-in de navigateur pour emp\u00eacher que les informations collect\u00e9es par les cookies (y compris votre adresse IP) soient envoy\u00e9es \u00e0 Google Inc. et utilis\u00e9es par cette derni\u00e8re. Le lien suivant vous conduit au plugin correspondant:  <a href=\"https:\/\/tools.google.com\/dlpage\/gaoptout?hl=fr\" data-type=\"URL\" data-id=\"https:\/\/tools.google.com\/dlpage\/gaoptout?hl=fr\" target=\"_blank\" rel=\"noreferrer noopener\">https:\/\/tools.google.com\/dlpage\/gaoptout?hl=fr<\/a> <\/p>\n\n\n\n<p>Vous trouverez ici des informations sur l&rsquo;utilisation des donn\u00e9es par Google Inc:  <a href=\"https:\/\/support.google.com\/analytics\/answer\/6004245?hl=fr\" data-type=\"URL\" data-id=\"https:\/\/support.google.com\/analytics\/answer\/6004245?hl=fr\" target=\"_blank\" rel=\"noreferrer noopener\">https:\/\/support.google.com\/analytics\/answer\/6004245?hl=fr<\/a>&nbsp; &nbsp;&nbsp;&nbsp;&nbsp;&nbsp;&nbsp;&nbsp;&nbsp; <\/p>\n\n\n\n<p><strong>Hyperlinks<\/strong> <\/p>\n\n\n\n<p>Les sites web de ROUTEX peuvent fournir des hyperliens externes vers des sites web de tiers pour votre commodit\u00e9 et votre information. Si vous acc\u00e9dez \u00e0 ces liens, vous quitterez le site web de ROUTEX. ROUTEX ne contr\u00f4le pas ces sites ni leurs politiques de confidentialit\u00e9 qui peuvent diff\u00e9rer de celles de ROUTEX. Nous ne cautionnons pas les sites Web de tiers et ne faisons aucune d\u00e9claration \u00e0 leur sujet. La d\u00e9claration de confidentialit\u00e9 de ROUTEX ne couvre pas les donn\u00e9es personnelles que vous choisissez de donner \u00e0 des tiers en utilisant leurs sites web. Nous vous encourageons \u00e0 consulter la politique de confidentialit\u00e9 de toute soci\u00e9t\u00e9 avant de soumettre vos informations personnelles. Certaines soci\u00e9t\u00e9s tierces peuvent choisir de partager leurs donn\u00e9es personnelles avec ROUTEX; ce partage est r\u00e9gi par la politique de confidentialit\u00e9 de cette soci\u00e9t\u00e9 tierce.<\/p>\n\n\n\n<p><strong>Vos droits<\/strong><\/p>\n\n\n\n<p>Vous disposez des droits d&rsquo;information, de rectification, d&rsquo;effacement, de restriction, de portabilit\u00e9 des donn\u00e9es et d&rsquo;opposition au traitement des donn\u00e9es. Si vous souhaitez le faire, veuillez nous contacter en utilisant les informations fournies dans les empreintes. Si vous pensez que le traitement de vos donn\u00e9es viole la loi sur la protection des donn\u00e9es ou que vos droits \u00e0 la protection des donn\u00e9es ont \u00e9t\u00e9 viol\u00e9s de quelque mani\u00e8re que ce soit, vous pouvez d\u00e9poser une plainte aupr\u00e8s de l&rsquo;autorit\u00e9 de surveillance.<\/p>\n","protected":false},"excerpt":{"rendered":"<p>T\u00e9l\u00e9charger la d\u00e9claration de confidentialit\u00e9 en PDF ROUTEX B.V. prend la protection de vos donn\u00e9es personnelles tr\u00e8s au s\u00e9rieux et traite vos donn\u00e9es personnelles de mani\u00e8re confidentielle et conform\u00e9ment aux &#8230;<\/p>\n","protected":false},"author":1,"featured_media":0,"parent":0,"menu_order":0,"comment_status":"closed","ping_status":"closed","template":"","meta":{"_acf_changed":false,"inline_featured_image":false,"footnotes":""},"class_list":["post-7","page","type-page","status-publish","hentry"],"acf":[],"_links":{"self":[{"href":"https:\/\/routex.com\/fr\/wp-json\/wp\/v2\/pages\/7","targetHints":{"allow":["GET"]}}],"collection":[{"href":"https:\/\/routex.com\/fr\/wp-json\/wp\/v2\/pages"}],"about":[{"href":"https:\/\/routex.com\/fr\/wp-json\/wp\/v2\/types\/page"}],"author":[{"embeddable":true,"href":"https:\/\/routex.com\/fr\/wp-json\/wp\/v2\/users\/1"}],"replies":[{"embeddable":true,"href":"https:\/\/routex.com\/fr\/wp-json\/wp\/v2\/comments?post=7"}],"version-history":[{"count":10,"href":"https:\/\/routex.com\/fr\/wp-json\/wp\/v2\/pages\/7\/revisions"}],"predecessor-version":[{"id":276,"href":"https:\/\/routex.com\/fr\/wp-json\/wp\/v2\/pages\/7\/revisions\/276"}],"wp:attachment":[{"href":"https:\/\/routex.com\/fr\/wp-json\/wp\/v2\/media?parent=7"}],"curies":[{"name":"wp","href":"https:\/\/api.w.org\/{rel}","templated":true}]}}