{"id":8,"date":"2021-07-07T13:41:59","date_gmt":"2021-07-07T13:41:59","guid":{"rendered":"https:\/\/routex.com\/fr\/routex-imprint\/"},"modified":"2025-07-30T06:47:16","modified_gmt":"2025-07-30T06:47:16","slug":"routex-mentions-legales","status":"publish","type":"page","link":"https:\/\/routex.com\/fr\/routex-mentions-legales\/","title":{"rendered":"ROUTEX Mentions l\u00e9gales"},"content":{"rendered":"\n<p> <strong>ROUTEX B.V.<\/strong> <\/p>\n\n\n\n<p>Si\u00e8ge social : Strawinskylaan 1163, 1077XX, Amsterdam, Pays-Bas.<br>Adresse postale : Postbus 74761, 1070BT AMSTERDAM<br>Num\u00e9ro KvK 33169615, num\u00e9ro de TVA NL001732821B01<\/p>\n\n\n\n<p><strong>Directeurs:<\/strong><br>M. Michael Brell<br>M. Kristaps Jermacans<br>M. Zoltan Nick<br>M. Alessandro Moretti<\/p>\n\n\n\n<p><strong><em>Pour toutes questions concernant votre carte ou votre compte, <a href=\"https:\/\/routex.com\/fr\/contacter-un-partenaire-routex\/\" data-type=\"page\" data-id=\"6\">veuillez contacter l&rsquo;\u00e9metteur de votre carte <\/a>(Aral, bp, Circle K, enilive, OMV ou Petrom).<\/em><\/strong><\/p>\n\n\n\n<p><strong>Repr\u00e9sentant:<\/strong><br>M. Benedikt Hans, chairman@routex.com<\/p>\n\n\n\n<p><strong>Site web maintenu par:<\/strong><br>Movonova GmbH, webmaster@routex.com<\/p>\n\n\n\n<p>Kunigundberggasse 37\/1, 2380 Perchtoldsdorf Austria<br>Tel.: +43 664 7827 0102<\/p>\n\n\n\n<p>Num\u00e9ro de registre de l&rsquo;entreprise: 609763k<\/p>\n\n\n\n<p><strong>Programmation du site web par:<\/strong><br><a href=\"https:\/\/www.45grad.de\" data-type=\"URL\" data-id=\"https:\/\/www.45grad.de\" target=\"_blank\" rel=\"noreferrer noopener\">45 Grad digital GmbH<\/a>, Danckelmannstra\u00dfe 34, 14059 Berlin, Allemagne.<\/p>\n\n\n\n<p><strong>Programmation de Sitefinder et Routeplanner par:<\/strong><br><a href=\"https:\/\/www.wigeogis.com\" data-type=\"URL\" data-id=\"https:\/\/www.wigeogis.com\" target=\"_blank\" rel=\"noreferrer noopener\">WIGeoGIS Softwareerstellungs- und Handelsgesellschaft m.b.H<\/a>., Hansalgasse 3, 1030 Wien, Austria<\/p>\n\n\n\n<p><strong>Site web h\u00e9berg\u00e9 par:<\/strong><br>i<a href=\"https:\/\/www.is-fun.de\/\" data-type=\"URL\" data-id=\"https:\/\/www.is-fun.de\/\" target=\"_blank\" rel=\"noreferrer noopener\">S-Fun Internet Services GmbH<\/a>, Badhausweg 8, Karlsbad DE 76307, Germany<br>Num\u00e9ro d&rsquo;enregistrement de la soci\u00e9t\u00e9 : HRB 362626 (Tribunal d&rsquo;instance de Mannheim)<br>Num\u00e9ro de TVA : DE225440449<br>Directeur : Robin Fundinger<\/p>\n","protected":false},"excerpt":{"rendered":"<p>ROUTEX B.V. Si\u00e8ge social : Strawinskylaan 1163, 1077XX, Amsterdam, Pays-Bas.Adresse postale : Postbus 74761, 1070BT AMSTERDAMNum\u00e9ro KvK 33169615, num\u00e9ro de TVA NL001732821B01 Directeurs:M. Michael BrellM. Kristaps JermacansM. Zoltan NickM. Alessandro &#8230;<\/p>\n","protected":false},"author":1,"featured_media":0,"parent":0,"menu_order":0,"comment_status":"closed","ping_status":"closed","template":"","meta":{"_acf_changed":false,"inline_featured_image":false,"footnotes":""},"class_list":["post-8","page","type-page","status-publish","hentry"],"acf":[],"_links":{"self":[{"href":"https:\/\/routex.com\/fr\/wp-json\/wp\/v2\/pages\/8","targetHints":{"allow":["GET"]}}],"collection":[{"href":"https:\/\/routex.com\/fr\/wp-json\/wp\/v2\/pages"}],"about":[{"href":"https:\/\/routex.com\/fr\/wp-json\/wp\/v2\/types\/page"}],"author":[{"embeddable":true,"href":"https:\/\/routex.com\/fr\/wp-json\/wp\/v2\/users\/1"}],"replies":[{"embeddable":true,"href":"https:\/\/routex.com\/fr\/wp-json\/wp\/v2\/comments?post=8"}],"version-history":[{"count":16,"href":"https:\/\/routex.com\/fr\/wp-json\/wp\/v2\/pages\/8\/revisions"}],"predecessor-version":[{"id":339,"href":"https:\/\/routex.com\/fr\/wp-json\/wp\/v2\/pages\/8\/revisions\/339"}],"wp:attachment":[{"href":"https:\/\/routex.com\/fr\/wp-json\/wp\/v2\/media?parent=8"}],"curies":[{"name":"wp","href":"https:\/\/api.w.org\/{rel}","templated":true}]}}