{"id":4,"date":"2021-07-07T14:05:45","date_gmt":"2021-07-07T14:05:45","guid":{"rendered":"https:\/\/routex.com\/it\/about-routex\/"},"modified":"2025-11-18T10:52:32","modified_gmt":"2025-11-18T10:52:32","slug":"circa-routex","status":"publish","type":"page","link":"https:\/\/routex.com\/it\/circa-routex\/","title":{"rendered":"Circa Routex"},"content":{"rendered":"\n<p>Ovunque lei sia in Europa, una carta carburante con funzionalit\u00e0 ROUTEX \u00e8 la sua chiave per accedere senza contanti a carburanti di qualit\u00e0, lubrificanti e altri prodotti e servizi su strada. ROUTEX \u00e8 un&#8217;alleanza di rete internazionale tra <a href=\"http:\/\/www.aral.de\/\" data-type=\"URL\" data-id=\"http:\/\/www.aral.de\/\" target=\"_blank\" rel=\"noreferrer noopener\">ARAL<\/a>, <a href=\"http:\/\/www.bp.com\/\" data-type=\"URL\" data-id=\"http:\/\/www.bp.com\/\" target=\"_blank\" rel=\"noreferrer noopener\">bp<\/a>, <a href=\"https:\/\/www.circlek.no\/\" data-type=\"URL\" data-id=\"https:\/\/www.circlek.no\/\" target=\"_blank\" rel=\"noreferrer noopener\">Circle K Europe<\/a>, <a href=\"http:\/\/www.eni.com\/en_IT\/home.html\" data-type=\"URL\" data-id=\"http:\/\/www.eni.com\/en_IT\/home.html\" target=\"_blank\" rel=\"noreferrer noopener\">enilive <\/a>e <a href=\"https:\/\/www.omv.com\/en\" data-type=\"URL\" data-id=\"http:\/\/www.omv.com\/portal\/01\/co\" target=\"_blank\" rel=\"noreferrer noopener\">OMV <\/a>che la rende una delle pi\u00f9 grandi reti di rifornimento in Europa.<\/p>\n\n\n\n<p>La sua carta carburante con il marchio ROUTEX fornisce l&#8217;accesso a pi\u00f9 di 21.000 localit\u00e0 in 34 paesi, inclusi 7.600 siti che servono camion e autobus. Le carte carburante a marchio ROUTEX sono accettate dalla maggior parte degli operatori di pedaggio in tutta Europa, compresi gli operatori di pedaggio stradale elettronico. L&#8217;emittente della sua carta carburante pu\u00f2 fornirle i dettagli su come beneficiare di questa grande offerta.<\/p>\n\n\n\n<p>La sua carta carburante firmata ROUTEX la mantiene in movimento anche nel caso spiacevole di un guasto al veicolo, fornendo servizi professionali di soccorso per camion e autobus in tutta Europa. Ovunque lei vada in Europa, una stazione di rifornimento o un fornitore di servizi che accetta la sua carta carburante firmata ROUTEX sar\u00e0 sempre vicino a lei.<\/p>\n\n\n\n<h2 class=\"wp-block-heading\">Routex for Trucks<\/h2>\n\n\n\n<p>La rete ROUTEX for TRUCKS consiste in siti strategicamente situati lungo tutti i principali corridoi stradali europei.<\/p>\n\n\n\n<p>Questi siti offrono i servizi e le strutture richieste dai trasportatori internazionali e dai mezzi pesanti: Quality Diesel, Truck Diesel dove disponibile, AdBlue e, naturalmente, pompe ad alta velocit\u00e0 che riforniscono i vostri veicoli rapidamente. In molti luoghi, sono disponibili corsie dedicate ai camion, cos\u00ec come strutture e servizi per l&#8217;autista (non disponibili nei siti non presidiati).<\/p>\n\n\n\n<p>Naturalmente tutti i siti ROUTEX for TRUCKS forniscono tutte le funzioni di sicurezza on-line che sono disponibili come standard in tutto il 100% della rete di stazioni di servizio ROUTEX.<\/p>\n\n\n\n<p>3.000 siti ROUTEX for TRUCKS in 31 paesi europei accettano oggi la sua carta con il marchio ROUTEX. Utilizzi l&#8217;opzione Truck Routing del ROUTEX site finder e controlli i siti lungo i suoi percorsi preferiti.<\/p>\n\n\n\n<h2 class=\"wp-block-heading\">Tassa di circolazione, pedaggi e servizi<\/h2>\n\n\n\n<p>La maggior parte delle tasse stradali europee pu\u00f2 essere acquistata utilizzando la sua carta carburante marchiata ROUTEX: utilizzi il suo conto della carta carburante per registrarsi per le unit\u00e0 di bordo post-pagate o ricaricare le unit\u00e0 di bordo prepagate semplicemente presentando la sua carta carburante marchiata ROUTEX. Le EUROVIGNETTES possono anche essere acquistate on-line o presso i terminali self-service.<\/p>\n\n\n\n<p>Le carte con il marchio ROUTEX sono accettate ai caselli dei pi\u00f9 importanti tunnel e ponti di tutta Europa. Se vuole conoscere le tasse, i pedaggi o i servizi per i quali la sua carta carburante marchiata ROUTEX \u00e8 accettata, basta chiedere all&#8217;emittente della sua carta Routex.<\/p>\n","protected":false},"excerpt":{"rendered":"<p>Ovunque lei sia in Europa, una carta carburante con funzionalit\u00e0 ROUTEX \u00e8 la sua chiave per accedere senza contanti a carburanti di qualit\u00e0, lubrificanti e altri prodotti e servizi su &#8230;<\/p>\n","protected":false},"author":1,"featured_media":0,"parent":0,"menu_order":0,"comment_status":"closed","ping_status":"closed","template":"","meta":{"_acf_changed":false,"inline_featured_image":false,"footnotes":""},"class_list":["post-4","page","type-page","status-publish","hentry"],"acf":[],"_links":{"self":[{"href":"https:\/\/routex.com\/it\/wp-json\/wp\/v2\/pages\/4","targetHints":{"allow":["GET"]}}],"collection":[{"href":"https:\/\/routex.com\/it\/wp-json\/wp\/v2\/pages"}],"about":[{"href":"https:\/\/routex.com\/it\/wp-json\/wp\/v2\/types\/page"}],"author":[{"embeddable":true,"href":"https:\/\/routex.com\/it\/wp-json\/wp\/v2\/users\/1"}],"replies":[{"embeddable":true,"href":"https:\/\/routex.com\/it\/wp-json\/wp\/v2\/comments?post=4"}],"version-history":[{"count":17,"href":"https:\/\/routex.com\/it\/wp-json\/wp\/v2\/pages\/4\/revisions"}],"predecessor-version":[{"id":307,"href":"https:\/\/routex.com\/it\/wp-json\/wp\/v2\/pages\/4\/revisions\/307"}],"wp:attachment":[{"href":"https:\/\/routex.com\/it\/wp-json\/wp\/v2\/media?parent=4"}],"curies":[{"name":"wp","href":"https:\/\/api.w.org\/{rel}","templated":true}]}}