{"id":7,"date":"2021-07-07T14:05:45","date_gmt":"2021-07-07T14:05:45","guid":{"rendered":"https:\/\/routex.com\/it\/privacy-policy\/"},"modified":"2021-12-20T08:49:08","modified_gmt":"2021-12-20T08:49:08","slug":"informativa-sulla-privacy-di-routex-b-v","status":"publish","type":"page","link":"https:\/\/routex.com\/it\/informativa-sulla-privacy-di-routex-b-v\/","title":{"rendered":"Informativa sulla privacy di Routex B.V."},"content":{"rendered":"\n<p> <a rel=\"noreferrer noopener\" href=\"http:\/\/routex.com\/wp-content\/uploads\/2021\/06\/Routex-BV-Privacy-Statement-20210623.pdf\" target=\"_blank\">Download the privacy statement as PDF<\/a> <\/p>\n\n\n\n<p>ROUTEX B.V. prende molto sul serio la protezione dei vostri dati personali e tratta i vostri dati personali in modo confidenziale e in conformit\u00e0 alle norme di legge.<\/p>\n\n\n\n<p>Tenete presente che la trasmissione di dati su Internet pu\u00f2 essere soggetta a rischi di sicurezza. Una protezione completa contro l&#8217;accesso di terzi non \u00e8 possibile.<\/p>\n\n\n\n<p>Poich\u00e9 ROUTEX B.V. stessa non \u00e8 una societ\u00e0 operativa, elaboriamo i dati dei clienti solo in casi eccezionali. Elaboriamo i vostri dati personali solo quando contattate uno dei nostri Alliance Partner utilizzando il modulo di contatto su questo sito web o quando ci inviate una e-mail a uno dei nostri account di posta elettronica. Questo trattamento ha luogo per soddisfare le sue richieste e per rispondere alle sue richieste di contatto.<\/p>\n\n\n\n<p><strong>Raccogliamo e conserviamo i seguenti dati personali:<\/strong><\/p>\n\n\n\n<ul class=\"wp-block-list\"><li>il suo nome<\/li><li>i dati di contatto che ci ha fornito quando ci ha contattato<\/li><li>l&#8217;ora in cui ci ha contattato<\/li><\/ul>\n\n\n\n<p>Se utilizza il modulo di contatto fornito su questo sito web, inoltreremo la sua richiesta, compresi i dati personali divulgati attraverso i nostri sistemi, ai membri della ROUTEX Network Alliance secondo la sua selezione. Conserviamo i vostri dati per tre mesi al fine di essere in grado di fornirvi informazioni in caso di domande. Dopo tre mesi, i vostri dati personali, che abbiamo ricevuto in questo modo, saranno definitivamente cancellati dai nostri sistemi operativi. Per motivi tecnici, non si pu\u00f2 escludere che questi dati vengano comunque conservati in copie d&#8217;archivio. Se si utilizza il modulo di contatto, non si ricever\u00e0 alcuna e-mail da parte della Routex B.V., tranne l&#8217;e-mail di conferma che la richiesta \u00e8 stata inoltrata, a meno che non lo si richieda espressamente.<\/p>\n\n\n\n<p>Se ci inviate una e-mail, conserviamo i vostri dati personali per almeno sette anni, se non c&#8217;\u00e8 un obbligo legale per una conservazione pi\u00f9 lunga o se i nostri interessi giustificati lo richiedono.<\/p>\n\n\n\n<p>Dati di accesso al web<\/p>\n\n\n\n<p>Quando si accede al nostro sito web, i nostri fornitori, iS-Fun Internet Services GmbH, Badhausweg 8, 76307 Karlsbad, Germania, info@is-fun.de, e WIGeoGIS Softwareerstellungs- und Handelsgesellschaft m.b.H., Hansalgasse 3, 1030 Vienna, Austria, vie@wigeogis.com, raccolgono dati sull&#8217;accesso al sito e li salvano come &#8220;file di log del server&#8221;. I seguenti dati vengono registrati in questo modo:<\/p>\n\n\n\n<ul class=\"wp-block-list\"><li>Pagine visitate<\/li><li>tempo al momento dell&#8217;accesso<\/li><li>Quantit\u00e0 di dati inviati in byte<\/li><li>Fonte\/riferimento da cui sei arrivato alla pagina<\/li><li>il tuo indirizzo IP<\/li><li>Browser utilizzato<\/li><li>Sistema operativo utilizzato<\/li><\/ul>\n\n\n\n<p>I dati raccolti vengono utilizzati esclusivamente per valutazioni statistiche e per migliorare il sito web. Tuttavia, i fornitori del sito web si riservano il diritto di controllare successivamente i file di log del server se ci sono indicazioni concrete di uso illegale. I file di log del server vengono conservati per tre mesi per consentire la protezione tecnica.<\/p>\n\n\n\n<p>Potete contattarci utilizzando i dati di contatto indicati in questo imprinting.<\/p>\n\n\n\n<p> <strong>Cookies<\/strong> <\/p>\n\n\n\n<p>Questo sito web utilizza i cookie. Quando si accede al nostro sito web per la prima volta, vi verr\u00e0 chiesto di gestire e acconsentire le impostazioni dei cookie. I cookie sono piccoli file di testo che vengono memorizzati sul tuo dispositivo. Il tuo browser accede a questi file. L&#8217;uso dei cookie aumenta la facilit\u00e0 d&#8217;uso e la sicurezza di questo sito web. I comuni browser offrono l&#8217;opzione di impostazione di non accettare i cookie. Nota: non vi \u00e8 alcuna garanzia che si sar\u00e0 in grado di accedere a tutte le funzioni di questo sito web senza restrizioni se si effettua le impostazioni appropriate.<\/p>\n\n\n\n<p>Quando si utilizza il sitefinder o il route planner, questi servizi sono forniti dalla Piattaforma BING Map di Microsoft(c). Microsoft pu\u00f2 raccogliere informazioni dall&#8217;utente come, ma non solo, l&#8217;indirizzo IP dell&#8217;Utente finale, le richieste, il tempo di invio e i risultati restituiti all&#8217;Utente finale, in relazione alle richieste di transazione ai Servizi. Se l&#8217;utente utilizza Bing Maps, comprende e riconosce che i Servizi raccolgono dati non identificabili sull&#8217;utilizzo dei Servizi da parte dell&#8217;utente. L&#8217;utente acconsente alla trasmissione di tali dati a terzi da parte di Microsoft. Tutti gli accessi e l&#8217;utilizzo dei Servizi sono soggetti alle pratiche relative ai dati indicate nell&#8217;<a href=\"https:\/\/privacy.microsoft.com\/en-US\/privacystatement\" data-type=\"URL\" data-id=\"https:\/\/privacy.microsoft.com\/en-US\/privacystatement\" target=\"_blank\" rel=\"noreferrer noopener\">Informativa sulla Privacy di Microsoft<\/a> in vigore al momento.<\/p>\n\n\n\n<p> <strong>Google Analytics<\/strong> <\/p>\n\n\n\n<p>Questo sito web utilizza il servizio &#8220;Google Analytics&#8221;, fornito da Google Inc. (1600 Amphitheatre Parkway Mountain View, CA 94043, USA) per analizzare l&#8217;uso del sito web da parte degli utenti. Il servizio utilizza &#8220;cookies&#8221; &#8211; file di testo che vengono memorizzati sul vostro dispositivo. Le informazioni raccolte dai cookie vengono solitamente inviate a un server di Google negli Stati Uniti e l\u00ec memorizzate. Su questo sito web viene utilizzata l&#8217;anonimizzazione dell&#8217;IP. L&#8217;indirizzo IP degli utenti all&#8217;interno degli stati membri dell&#8217;UE e dello Spazio economico europeo viene ridotto. Questa riduzione elimina il riferimento personale al vostro indirizzo IP. Nell&#8217;ambito dell&#8217;accordo contrattuale sui dati stipulato tra i gestori del sito web e Google Inc., Google utilizza le informazioni per raccogliere e valutare l&#8217;uso del sito web e l&#8217;attivit\u00e0 del sito web, nonch\u00e9 per fornire servizi connessi all&#8217;uso di Internet.<\/p>\n\n\n\n<p>Lei ha la possibilit\u00e0 di impedire la memorizzazione dei cookie sul suo dispositivo effettuando le impostazioni appropriate nel suo browser. Non c&#8217;\u00e8 garanzia che lei possa accedere a tutte le funzioni di questo sito web senza restrizioni se il suo browser non permette i cookies.<\/p>\n\n\n\n<p>Inoltre, \u00e8 possibile utilizzare un plug-in del browser per impedire che le informazioni raccolte dai cookie (compreso il tuo indirizzo IP) vengano inviate a Google Inc. e utilizzate da Google Inc. Il seguente link vi porta al plugin corrispondente: <a href=\"https:\/\/tools.google.com\/dlpage\/gaoptout?hl=it\" data-type=\"URL\" data-id=\"https:\/\/tools.google.com\/dlpage\/gaoptout?hl=it\" target=\"_blank\" rel=\"noreferrer noopener\">https:\/\/tools.google.com\/dlpage\/gaoptout?hl=it<\/a> <\/p>\n\n\n\n<p> Qui potete trovare ulteriori informazioni sull&#8217;utilizzo dei dati da parte di Google Inc.: <a href=\"https:\/\/support.google.com\/analytics\/answer\/6004245?hl=it\" data-type=\"URL\" data-id=\"https:\/\/support.google.com\/analytics\/answer\/6004245?hl=it\" target=\"_blank\" rel=\"noreferrer noopener\">https:\/\/support.google.com\/analytics\/answer\/6004245?hl=it<\/a><\/p>\n\n\n\n<p> <strong>Hyperlinks<\/strong> <\/p>\n\n\n\n<p>I siti web di ROUTEX possono fornire link esterni a siti web di terzi per la vostra convenienza e informazione. Se si accede a questi link, si lascia il sito web di ROUTEX. ROUTEX non controlla tali siti o le loro politiche sulla privacy che possono differire da quelle di ROUTEX. Noi non approviamo o facciamo alcuna dichiarazione sui siti web di terzi. La dichiarazione sulla privacy di ROUTEX non copre i dati personali che l&#8217;utente sceglie di fornire a terze parti utilizzando i loro siti web. Vi invitiamo a rivedere l&#8217;informativa sulla privacy di qualsiasi azienda prima di inviare i vostri dati personali. Alcune societ\u00e0 terze possono scegliere di condividere i propri dati personali con ROUTEX; tale condivisione \u00e8 regolata dalla politica sulla privacy di quella societ\u00e0 terza.<\/p>\n\n\n\n<p><strong>I vostri diritti<\/strong><\/p>\n\n\n\n<p>Avete i diritti di informazione, correzione, cancellazione, restrizione, portabilit\u00e0 dei dati e opposizione al trattamento dei dati. Se volete farlo, contattateci utilizzando le informazioni fornite nell&#8217;<a href=\"https:\/\/routex.com\/routex-imprint\/\" data-type=\"URL\" data-id=\"https:\/\/routex.com\/routex-imprint\/\">impronta.<\/a> Se ritenete che il trattamento dei vostri dati violi la legge sulla protezione dei dati o che i vostri diritti alla protezione dei dati siano stati in qualche modo violati, potete presentare un reclamo all&#8217;autorit\u00e0 di vigilanza.<\/p>\n","protected":false},"excerpt":{"rendered":"<p>Download the privacy statement as PDF ROUTEX B.V. prende molto sul serio la protezione dei vostri dati personali e tratta i vostri dati personali in modo confidenziale e in conformit\u00e0 &#8230;<\/p>\n","protected":false},"author":1,"featured_media":0,"parent":0,"menu_order":0,"comment_status":"closed","ping_status":"closed","template":"","meta":{"_acf_changed":false,"inline_featured_image":false,"footnotes":""},"class_list":["post-7","page","type-page","status-publish","hentry"],"acf":[],"_links":{"self":[{"href":"https:\/\/routex.com\/it\/wp-json\/wp\/v2\/pages\/7","targetHints":{"allow":["GET"]}}],"collection":[{"href":"https:\/\/routex.com\/it\/wp-json\/wp\/v2\/pages"}],"about":[{"href":"https:\/\/routex.com\/it\/wp-json\/wp\/v2\/types\/page"}],"author":[{"embeddable":true,"href":"https:\/\/routex.com\/it\/wp-json\/wp\/v2\/users\/1"}],"replies":[{"embeddable":true,"href":"https:\/\/routex.com\/it\/wp-json\/wp\/v2\/comments?post=7"}],"version-history":[{"count":10,"href":"https:\/\/routex.com\/it\/wp-json\/wp\/v2\/pages\/7\/revisions"}],"predecessor-version":[{"id":86,"href":"https:\/\/routex.com\/it\/wp-json\/wp\/v2\/pages\/7\/revisions\/86"}],"wp:attachment":[{"href":"https:\/\/routex.com\/it\/wp-json\/wp\/v2\/media?parent=7"}],"curies":[{"name":"wp","href":"https:\/\/api.w.org\/{rel}","templated":true}]}}