{"id":4,"date":"2021-07-07T11:14:38","date_gmt":"2021-07-07T11:14:38","guid":{"rendered":"https:\/\/routex.com\/pl\/about-routex\/"},"modified":"2025-11-18T11:03:04","modified_gmt":"2025-11-18T11:03:04","slug":"o-routex","status":"publish","type":"page","link":"https:\/\/routex.com\/pl\/o-routex\/","title":{"rendered":"O ROUTEX"},"content":{"rendered":"\n<p>Gdziekolwiek jeste\u015b w Europie, karta paliwowa z funkcjonalno\u015bci\u0105 ROUTEX jest Twoim kluczem do bezgot\u00f3wkowego dost\u0119pu do wysokiej jako\u015bci paliw, smar\u00f3w oraz innych produkt\u00f3w i us\u0142ug drogowych. ROUTEX to mi\u0119dzynarodowy sojusz sieciowy pomi\u0119dzy <a href=\"http:\/\/www.aral.de\/\" data-type=\"URL\" data-id=\"http:\/\/www.aral.de\/\" target=\"_blank\" rel=\"noreferrer noopener\">ARAL<\/a>, <a href=\"http:\/\/www.bp.com\/\" data-type=\"URL\" data-id=\"http:\/\/www.bp.com\/\" target=\"_blank\" rel=\"noreferrer noopener\">bp<\/a>, <a href=\"https:\/\/www.circlek.no\/\" data-type=\"URL\" data-id=\"https:\/\/www.circlek.no\/\" target=\"_blank\" rel=\"noreferrer noopener\">Circle K Europe<\/a>, <a href=\"http:\/\/www.eni.com\/en_IT\/home.html\" data-type=\"URL\" data-id=\"http:\/\/www.eni.com\/en_IT\/home.html\" target=\"_blank\" rel=\"noreferrer noopener\">enilive <\/a>i <a href=\"https:\/\/www.omv.com\/en\" data-type=\"URL\" data-id=\"http:\/\/www.omv.com\/portal\/01\/com\" target=\"_blank\" rel=\"noreferrer noopener\">OMV<\/a>, co czyni go jedn\u0105 z najwi\u0119kszych sieci paliwowych w Europie.<\/p>\n\n\n\n<p>Twoja karta paliwowa marki ROUTEX zapewnia dost\u0119p do ponad 21.000 punkt\u00f3w w 34 krajach, w tym 7.600 punkt\u00f3w obs\u0142uguj\u0105cych samochody ci\u0119\u017carowe i autobusy. Karty paliwowe ROUTEX s\u0105 akceptowane przez wi\u0119kszo\u015b\u0107 operator\u00f3w op\u0142at drogowych w ca\u0142ej Europie, w tym operator\u00f3w elektronicznych op\u0142at drogowych. Szczeg\u00f3\u0142owych informacji na temat mo\u017cliwo\u015bci skorzystania z tej wspania\u0142ej oferty udzieli Pa\u0144stwu wydawca karty paliwowej.<\/p>\n\n\n\n<p>Twoja karta paliwowa ROUTEX zapewni Ci ci\u0105g\u0142o\u015b\u0107 ruchu nawet w przypadku awarii pojazdu, zapewniaj\u0105c profesjonalny serwis naprawczy dla samochod\u00f3w ci\u0119\u017carowych i autobus\u00f3w w ca\u0142ej Europie. Gdziekolwiek jeste\u015b w Europie, stacja benzynowa lub punkt serwisowy akceptuj\u0105cy Twoj\u0105 kart\u0119 paliwow\u0105 ROUTEX zawsze b\u0119dzie w pobli\u017cu.<\/p>\n\n\n\n<h2 class=\"wp-block-heading\">Routex for Trucks <\/h2>\n\n\n\n<p>Sie\u0107 ROUTEX for TRUCKS sk\u0142ada si\u0119 z lokalizacji strategicznie rozmieszczonych wzd\u0142u\u017c wszystkich g\u0142\u00f3wnych europejskich korytarzy drogowych.<\/p>\n\n\n\n<p>Te miejsca oferuj\u0105 us\u0142ugi i udogodnienia wymagane przez mi\u0119dzynarodowych przewo\u017anik\u00f3w i pojazdy ci\u0119\u017carowe: wysokiej jako\u015bci olej nap\u0119dowy, olej nap\u0119dowy do samochod\u00f3w ci\u0119\u017carowych, AdBlue i oczywi\u015bcie szybkie pompy, kt\u00f3re szybko zatankuj\u0105 Pa\u0144stwa pojazdy. W wielu miejscach dost\u0119pne s\u0105 wydzielone pasy dla samochod\u00f3w ci\u0119\u017carowych, a tak\u017ce udogodnienia i u\u0142atwienia dla kierowc\u00f3w (niedost\u0119pne na bezobs\u0142ugowych placach).<\/p>\n\n\n\n<p>Oczywi\u015bcie wszystkie stacje ROUTEX for TRUCKS posiadaj\u0105 pe\u0142ne zabezpieczenia on-line, kt\u00f3re s\u0105 dost\u0119pne w standardzie w 100% sieci stacji paliw ROUTEX.<\/p>\n\n\n\n<p>Ju\u017c dzi\u015b ponad 3.000 punkt\u00f3w ROUTEX for TRUCKS w 31 krajach europejskich akceptuje Twoj\u0105 kart\u0119 ROUTEX. Skorzystaj z opcji Truck Routing w wyszukiwarce miejsc ROUTEX i sprawd\u017a, czy w pobli\u017cu Twoich ulubionych tras znajduj\u0105 si\u0119 miejsca postojowe.<\/p>\n\n\n\n<h2 class=\"wp-block-heading\">Podatek drogowy, op\u0142aty za przejazd i us\u0142ugi<\/h2>\n\n\n\n<p>Wi\u0119kszo\u015b\u0107 europejskich podatk\u00f3w drogowych mo\u017cna naby\u0107 za pomoc\u0105 karty paliwowej ROUTEX: u\u017cyj swojego konta na karcie paliwowej, aby zarejestrowa\u0107 si\u0119 w systemie post-paid On Board Units lub do\u0142aduj pre-paid On Board Units, po prostu pokazuj\u0105c swoj\u0105 kart\u0119 paliwow\u0105 ROUTEX. EUROVIGNETTES mo\u017cna r\u00f3wnie\u017c naby\u0107 on-line lub w terminalach samoobs\u0142ugowych.<\/p>\n\n\n\n<p>Karty marki ROUTEX s\u0105 akceptowane w punktach poboru op\u0142at w najwa\u017cniejszych tunelach i na najwa\u017cniejszych mostach w ca\u0142ej Europie. Je\u015bli chcesz dowiedzie\u0107 si\u0119, jakie podatki, op\u0142aty lub us\u0142ugi s\u0105 akceptowane przez Twoj\u0105 kart\u0119 paliwow\u0105 ROUTEX, zapytaj wydawc\u0119 karty Routex.<\/p>\n","protected":false},"excerpt":{"rendered":"<p>Gdziekolwiek jeste\u015b w Europie, karta paliwowa z funkcjonalno\u015bci\u0105 ROUTEX jest Twoim kluczem do bezgot\u00f3wkowego dost\u0119pu do wysokiej jako\u015bci paliw, smar\u00f3w oraz innych produkt\u00f3w i us\u0142ug drogowych. ROUTEX to mi\u0119dzynarodowy sojusz &#8230;<\/p>\n","protected":false},"author":1,"featured_media":0,"parent":0,"menu_order":0,"comment_status":"closed","ping_status":"closed","template":"","meta":{"_acf_changed":false,"inline_featured_image":false,"footnotes":""},"class_list":["post-4","page","type-page","status-publish","hentry"],"acf":[],"_links":{"self":[{"href":"https:\/\/routex.com\/pl\/wp-json\/wp\/v2\/pages\/4","targetHints":{"allow":["GET"]}}],"collection":[{"href":"https:\/\/routex.com\/pl\/wp-json\/wp\/v2\/pages"}],"about":[{"href":"https:\/\/routex.com\/pl\/wp-json\/wp\/v2\/types\/page"}],"author":[{"embeddable":true,"href":"https:\/\/routex.com\/pl\/wp-json\/wp\/v2\/users\/1"}],"replies":[{"embeddable":true,"href":"https:\/\/routex.com\/pl\/wp-json\/wp\/v2\/comments?post=4"}],"version-history":[{"count":11,"href":"https:\/\/routex.com\/pl\/wp-json\/wp\/v2\/pages\/4\/revisions"}],"predecessor-version":[{"id":326,"href":"https:\/\/routex.com\/pl\/wp-json\/wp\/v2\/pages\/4\/revisions\/326"}],"wp:attachment":[{"href":"https:\/\/routex.com\/pl\/wp-json\/wp\/v2\/media?parent=4"}],"curies":[{"name":"wp","href":"https:\/\/api.w.org\/{rel}","templated":true}]}}