{"id":5,"date":"2021-07-07T11:14:38","date_gmt":"2021-07-07T11:14:38","guid":{"rendered":"https:\/\/routex.com\/pl\/apply-for-a-routex-card\/"},"modified":"2021-12-23T10:17:59","modified_gmt":"2021-12-23T10:17:59","slug":"zamow-karte-paliwowa","status":"publish","type":"page","link":"https:\/\/routex.com\/pl\/zamow-karte-paliwowa\/","title":{"rendered":"Zam\u00f3w kart\u0119 paliwow\u0105"},"content":{"rendered":"","protected":false},"excerpt":{"rendered":"","protected":false},"author":1,"featured_media":0,"parent":0,"menu_order":0,"comment_status":"closed","ping_status":"closed","template":"","meta":{"_acf_changed":false,"inline_featured_image":false,"footnotes":""},"class_list":["post-5","page","type-page","status-publish","hentry"],"acf":[],"_links":{"self":[{"href":"https:\/\/routex.com\/pl\/wp-json\/wp\/v2\/pages\/5","targetHints":{"allow":["GET"]}}],"collection":[{"href":"https:\/\/routex.com\/pl\/wp-json\/wp\/v2\/pages"}],"about":[{"href":"https:\/\/routex.com\/pl\/wp-json\/wp\/v2\/types\/page"}],"author":[{"embeddable":true,"href":"https:\/\/routex.com\/pl\/wp-json\/wp\/v2\/users\/1"}],"replies":[{"embeddable":true,"href":"https:\/\/routex.com\/pl\/wp-json\/wp\/v2\/comments?post=5"}],"version-history":[{"count":2,"href":"https:\/\/routex.com\/pl\/wp-json\/wp\/v2\/pages\/5\/revisions"}],"predecessor-version":[{"id":257,"href":"https:\/\/routex.com\/pl\/wp-json\/wp\/v2\/pages\/5\/revisions\/257"}],"wp:attachment":[{"href":"https:\/\/routex.com\/pl\/wp-json\/wp\/v2\/media?parent=5"}],"curies":[{"name":"wp","href":"https:\/\/api.w.org\/{rel}","templated":true}]}}