{"id":7,"date":"2021-07-07T11:14:38","date_gmt":"2021-07-07T11:14:38","guid":{"rendered":"https:\/\/routex.com\/pl\/privacy-policy\/"},"modified":"2021-12-23T10:17:28","modified_gmt":"2021-12-23T10:17:28","slug":"oswiadczenie-o-ochronie-prywatnosci-routex-b-v","status":"publish","type":"page","link":"https:\/\/routex.com\/pl\/oswiadczenie-o-ochronie-prywatnosci-routex-b-v\/","title":{"rendered":"O\u015bwiadczenie o ochronie prywatno\u015bci ROUTEX B.V."},"content":{"rendered":"\n<p><a href=\"http:\/\/routex.com\/wp-content\/uploads\/2021\/06\/Routex-BV-Privacy-Statement-20210623.pdf\" data-type=\"URL\" data-id=\"http:\/\/routex.com\/wp-content\/uploads\/2021\/06\/Routex-BV-Privacy-Statement-20210623.pdf\" target=\"_blank\" rel=\"noreferrer noopener\">Pobierz o\u015bwiadczenie o ochronie prywatno\u015bci w formacie PDF<\/a><\/p>\n\n\n\n<p>ROUTEX B.V. bardzo powa\u017cnie podchodzi do ochrony Pa\u0144stwa danych osobowych i traktuje je w spos\u00f3b poufny i zgodny z przepisami prawa.<\/p>\n\n\n\n<p>Nale\u017cy pami\u0119ta\u0107, \u017ce transmisja danych przez Internet mo\u017ce by\u0107 nara\u017cona na ryzyko zwi\u0105zane z bezpiecze\u0144stwem. Ca\u0142kowita ochrona przed dost\u0119pem os\u00f3b trzecich nie jest mo\u017cliwa.<\/p>\n\n\n\n<p>Twoje dane osobowe tylko wtedy, gdy kontaktujesz si\u0119 z jednym z naszych Partner\u00f3w Alliance za pomoc\u0105 formularza kontaktowego na tej stronie lub gdy wysy\u0142asz nam wiadomo\u015b\u0107 e-mail na jedno z naszych kont e-mail. Przetwarzanie to odbywa si\u0119 w celu realizacji Pa\u0144stwa zapyta\u0144 i odpowiedzi na Pa\u0144stwa pro\u015bby o kontakt.<\/p>\n\n\n\n<p><strong>Zbieramy i przechowujemy nast\u0119puj\u0105ce dane osobowe:<\/strong><\/p>\n\n\n\n<ul class=\"wp-block-list\"><li>twoje imi\u0119 i nazwisko<\/li><li>dane kontaktowe, kt\u00f3re poda\u0142e\u015b nam kontaktuj\u0105c si\u0119 z nami<\/li><li>czas, kiedy si\u0119 z nami skontaktowa\u0142e\u015b<\/li><\/ul>\n\n\n\n<p>Je\u017celi skorzystaj\u0105 Pa\u0144stwo z formularza kontaktowego zamieszczonego na niniejszej stronie internetowej, przeka\u017cemy Pa\u0144stwa pro\u015bb\u0119 wraz z danymi osobowymi ujawnionymi za po\u015brednictwem naszych system\u00f3w cz\u0142onkom ROUTEX Network Alliance zgodnie z Pa\u0144stwa wyborem. Przechowujemy Pa\u0144stwa dane przez okres trzech miesi\u0119cy, aby w przypadku zapyta\u0144 m\u00f3c udzieli\u0107 Pa\u0144stwu informacji. Po up\u0142ywie trzech miesi\u0119cy Pa\u0144stwa dane osobowe, kt\u00f3re w ten spos\u00f3b otrzymali\u015bmy, zostan\u0105 ostatecznie usuni\u0119te z naszych system\u00f3w operacyjnych. Z przyczyn technicznych nie mo\u017cna jednak wykluczy\u0107, \u017ce dane te zostan\u0105 zachowane w kopiach archiwalnych. Je\u015bli skorzystasz z formularza kontaktowego, nie otrzymasz od Routex B.V. \u017cadnej wiadomo\u015bci e-mail z wyj\u0105tkiem wiadomo\u015bci potwierdzaj\u0105cej, \u017ce Twoje zapytanie zosta\u0142o przekazane, chyba \u017ce wyra\u017anie tego za\u017c\u0105dasz.<\/p>\n\n\n\n<p>Je\u015bli wy\u015blesz do nas e-mail, b\u0119dziemy przechowywa\u0107 Twoje dane osobowe przez co najmniej siedem lat, je\u015bli nie ma prawnego obowi\u0105zku d\u0142u\u017cszego przechowywania lub je\u015bli wymagaj\u0105 tego nasze uzasadnione interesy.<\/p>\n\n\n\n<p><strong>Dane dost\u0119pu do sieci Web<\/strong><\/p>\n\n\n\n<p>Podczas dost\u0119pu do naszej strony internetowej nasi dostawcy, iS-Fun Internet Services GmbH, Badhausweg 8, 76307 Karlsbad, Niemcy, info@is-fun.de, oraz WIGeoGIS Softwareerstellungs- und Handelsgesellschaft m.b.H., Hansalgasse 3, 1030 Wiede\u0144, Austria, vie@wigeogis.com, zbieraj\u0105 dane dotycz\u0105ce dost\u0119pu do strony i zapisuj\u0105 je jako &#8222;pliki dziennika serwera&#8221;. W ten spos\u00f3b rejestrowane s\u0105 nast\u0119puj\u0105ce dane:<\/p>\n\n\n\n<ul class=\"wp-block-list\"><li>Odwiedzane strony<\/li><li>Czas w momencie dost\u0119pu<\/li><li>Llo\u015b\u0107 przes\u0142anych danych w bajtach<\/li><li>\u0179r\u00f3d\u0142o\/odno\u015bnik, z kt\u00f3rego trafi\u0142e\u015b na stron\u0119<\/li><li>Tw\u00f3j adres IP<\/li><li>U\u017cywana przegl\u0105darka<\/li><li>U\u017cyty system operacyjny<\/li><\/ul>\n\n\n\n<p>Zebrane dane s\u0105 wykorzystywane wy\u0142\u0105cznie do cel\u00f3w statystycznych oraz do ulepszania strony internetowej. Operatorzy strony zastrzegaj\u0105 sobie jednak prawo do p\u00f3\u017aniejszego sprawdzenia plik\u00f3w logowania serwera, je\u015bli istniej\u0105 konkretne przes\u0142anki wskazuj\u0105ce na nielegalne u\u017cytkowanie. Pliki logowania serwera s\u0105 przechowywane przez trzy miesi\u0105ce, aby umo\u017cliwi\u0107 techniczn\u0105 ochron\u0119 naszej strony internetowej.<\/p>\n\n\n\n<p>Mo\u017cesz si\u0119 z nami skontaktowa\u0107 korzystaj\u0105c z danych kontaktowych podanych w <a href=\"https:\/\/routex.com\/routex-imprint\/\" data-type=\"URL\" data-id=\"https:\/\/routex.com\/routex-imprint\/\">nadruku<\/a>.<\/p>\n\n\n\n<p><strong>Cooki<\/strong>es <\/p>\n\n\n\n<p>Ta strona u\u017cywa plik\u00f3w cookies. Przy pierwszym wej\u015bciu na nasz\u0105 stron\u0119 internetow\u0105, zostaniesz poproszony o zarz\u0105dzanie i zgod\u0119 na ustawienia plik\u00f3w cookie. Cookies to ma\u0142e pliki tekstowe, kt\u00f3re s\u0105 przechowywane na Twoim urz\u0105dzeniu. Przegl\u0105darka uzyskuje dost\u0119p do tych plik\u00f3w. U\u017cycie cookies zwi\u0119ksza przyjazno\u015b\u0107 i bezpiecze\u0144stwo tej strony internetowej. Popularne przegl\u0105darki oferuj\u0105 opcj\u0119 ustawienia, aby nie akceptowa\u0107 plik\u00f3w cookie. Uwaga: Nie ma gwarancji, \u017ce po wprowadzeniu odpowiednich ustawie\u0144 b\u0119d\u0105 Pa\u0144stwo mieli nieograniczony dost\u0119p do wszystkich funkcji tej strony internetowej.<\/p>\n\n\n\n<p>W przypadku korzystania z wyszukiwarki stron lub wyszukiwarki tras us\u0142ugi te s\u0105 \u015bwiadczone przez platform\u0119 BING Map Platform firmy Microsoft(c). Firma Microsoft mo\u017ce gromadzi\u0107 informacje od u\u017cytkownika, takie jak mi\u0119dzy innymi adres IP u\u017cytkownika ko\u0144cowego, \u017c\u0105dania, czas przes\u0142ania i wyniki zwr\u00f3cone u\u017cytkownikowi ko\u0144cowemu, w zwi\u0105zku z \u017c\u0105daniami transakcji w Us\u0142ugach. Je\u015bli u\u017cytkownik korzysta z us\u0142ug Bing Maps, rozumie i przyjmuje do wiadomo\u015bci, \u017ce Us\u0142ugi gromadz\u0105 dane umo\u017cliwiaj\u0105ce identyfikacj\u0119 u\u017cytkownika na temat korzystania przez niego z Us\u0142ug. U\u017cytkownik wyra\u017ca zgod\u0119 na przekazywanie takich danych przez firm\u0119 Microsoft stronom trzecim. Wszelki dost\u0119p do Us\u0142ug i korzystanie z nich podlega praktykom dotycz\u0105cym danych okre\u015blonym w obowi\u0105zuj\u0105cym w danym czasie <a href=\"https:\/\/privacy.microsoft.com\/pl-pl\/privacystatement\" data-type=\"URL\" data-id=\"https:\/\/privacy.microsoft.com\/pl-pl\/privacystatement\" target=\"_blank\" rel=\"noreferrer noopener\">O\u015bwiadczeniu o ochronie prywatno\u015bci firmy Microsoft<\/a>.<\/p>\n\n\n\n<p> G<strong>oogle Analytics<\/strong> <\/p>\n\n\n\n<p>Ta strona internetowa korzysta z us\u0142ugi &#8222;Google Analytics&#8221;, kt\u00f3ra jest dostarczana przez Google Inc. (1600 Amphitheatre Parkway Mountain View, CA 94043, USA) w celu analizy korzystania z witryny przez u\u017cytkownik\u00f3w. Us\u0142uga wykorzystuje pliki &#8222;cookies&#8221;, czyli pliki tekstowe, kt\u00f3re s\u0105 przechowywane na Pa\u0144stwa urz\u0105dzeniu. Informacje zbierane przez cookies s\u0105 zazwyczaj wysy\u0142ane do serwera Google w USA i tam przechowywane. Na tej stronie internetowej stosowana jest anonimizacja IP. Adres IP u\u017cytkownik\u00f3w z kraj\u00f3w cz\u0142onkowskich UE i Europejskiego Obszaru Gospodarczego zostanie zredukowany. Redukcja ta eliminuje osobiste odniesienie do Twojego adresu IP. W ramach umowy o danych umownych zawartej pomi\u0119dzy operatorem strony internetowej a Google Inc. firma Google wykorzystuje te informacje do gromadzenia i oceny korzystania ze strony internetowej oraz aktywno\u015bci na stronie, jak r\u00f3wnie\u017c do \u015bwiadczenia us\u0142ug zwi\u0105zanych z korzystaniem z Internetu.<\/p>\n\n\n\n<p>Nie ma gwarancji, \u017ce b\u0119dziesz w stanie uzyska\u0107 dost\u0119p do wszystkich funkcji tej strony bez ogranicze\u0144, je\u015bli Twoja przegl\u0105darka nie zezwala na pliki cookie.<\/p>\n\n\n\n<p>Ponadto mo\u017cna u\u017cy\u0107 wtyczki do przegl\u0105darki, aby zapobiec przesy\u0142aniu informacji zebranych przez pliki cookie (w tym adresu IP) do Google Inc. i wykorzystywaniu ich przez Google Inc. Nast\u0119puj\u0105cy link prowadzi do odpowiedniej wtyczki: <a rel=\"noreferrer noopener\" href=\"https:\/\/tools.google.com\/dlpage\/gaoptout?hl=pl\" target=\"_blank\" data-type=\"URL\" data-id=\"https:\/\/tools.google.com\/dlpage\/gaoptout?hl=pl\">https:\/\/tools.google.com\/dlpage\/gaoptout?hl=pl<\/a><\/p>\n\n\n\n<p>Tutaj mo\u017cna znale\u017a\u0107 dalsze informacje na temat wykorzystania danych przez Google Inc.: <a rel=\"noreferrer noopener\" href=\"https:\/\/support.google.com\/analytics\/answer\/6004245?hl=pl\" target=\"_blank\" data-type=\"URL\" data-id=\"https:\/\/support.google.com\/analytics\/answer\/6004245?hl=pl\">https:\/\/support.google.com\/analytics\/answer\/6004245?hl=pl<\/a><\/p>\n\n\n\n<p><strong>Hiperlinki<\/strong><\/p>\n\n\n\n<p>Strony internetowe ROUTEX mog\u0105 zawiera\u0107 linki zewn\u0119trzne do stron os\u00f3b trzecich dla Pa\u0144stwa wygody i informacji. Je\u017celi wejd\u0105 Pa\u0144stwo na te linki, opuszcz\u0105 Pa\u0144stwo stron\u0119 ROUTEX. ROUTEX nie kontroluje tych stron ani ich polityki prywatno\u015bci, kt\u00f3ra mo\u017ce r\u00f3\u017cni\u0107 si\u0119 od polityki ROUTEX. Nie popieramy ani nie sk\u0142adamy \u017cadnych o\u015bwiadcze\u0144 dotycz\u0105cych stron internetowych os\u00f3b trzecich. O\u015bwiadczenie o Ochronie Prywatno\u015bci ROUTEX nie obejmuje danych osobowych, kt\u00f3re zdecyduj\u0105 si\u0119 Pa\u0144stwo przekaza\u0107 osobom trzecim za po\u015brednictwem ich stron internetowych. Zach\u0119camy Pa\u0144stwa do zapoznania si\u0119 z polityk\u0105 prywatno\u015bci ka\u017cdej firmy przed przekazaniem swoich danych osobowych. Niekt\u00f3re firmy trzecie mog\u0105 zdecydowa\u0107 si\u0119 na udost\u0119pnienie swoich danych osobowych ROUTEX; udost\u0119pnianie to jest regulowane przez polityk\u0119 prywatno\u015bci tej firmy.<\/p>\n\n\n\n<p>T<strong>woje prawa<\/strong><\/p>\n\n\n\n<p>Maj\u0105 Pa\u0144stwo prawo do informacji, sprostowania, usuni\u0119cia, ograniczenia, przenoszenia danych i sprzeciwu wobec przetwarzania danych. W tym celu prosimy o kontakt z nami, korzystaj\u0105c z danych podanych w <a href=\"https:\/\/routex.com\/routex-imprint\/\" data-type=\"URL\" data-id=\"https:\/\/routex.com\/routex-imprint\/\">nadruku<\/a>. Je\u017celi uwa\u017caj\u0105 Pa\u0144stwo, \u017ce przetwarzanie Pa\u0144stwa danych narusza prawo o ochronie danych lub Pa\u0144stwa roszczenia dotycz\u0105ce ochrony danych zosta\u0142y w jakikolwiek inny spos\u00f3b naruszone, mog\u0105 Pa\u0144stwo z\u0142o\u017cy\u0107 skarg\u0119 do organu nadzorczego.<\/p>\n","protected":false},"excerpt":{"rendered":"<p>Pobierz o\u015bwiadczenie o ochronie prywatno\u015bci w formacie PDF ROUTEX B.V. bardzo powa\u017cnie podchodzi do ochrony Pa\u0144stwa danych osobowych i traktuje je w spos\u00f3b poufny i zgodny z przepisami prawa. Nale\u017cy &#8230;<\/p>\n","protected":false},"author":1,"featured_media":0,"parent":0,"menu_order":0,"comment_status":"closed","ping_status":"closed","template":"","meta":{"_acf_changed":false,"inline_featured_image":false,"footnotes":""},"class_list":["post-7","page","type-page","status-publish","hentry"],"acf":[],"_links":{"self":[{"href":"https:\/\/routex.com\/pl\/wp-json\/wp\/v2\/pages\/7","targetHints":{"allow":["GET"]}}],"collection":[{"href":"https:\/\/routex.com\/pl\/wp-json\/wp\/v2\/pages"}],"about":[{"href":"https:\/\/routex.com\/pl\/wp-json\/wp\/v2\/types\/page"}],"author":[{"embeddable":true,"href":"https:\/\/routex.com\/pl\/wp-json\/wp\/v2\/users\/1"}],"replies":[{"embeddable":true,"href":"https:\/\/routex.com\/pl\/wp-json\/wp\/v2\/comments?post=7"}],"version-history":[{"count":5,"href":"https:\/\/routex.com\/pl\/wp-json\/wp\/v2\/pages\/7\/revisions"}],"predecessor-version":[{"id":266,"href":"https:\/\/routex.com\/pl\/wp-json\/wp\/v2\/pages\/7\/revisions\/266"}],"wp:attachment":[{"href":"https:\/\/routex.com\/pl\/wp-json\/wp\/v2\/media?parent=7"}],"curies":[{"name":"wp","href":"https:\/\/api.w.org\/{rel}","templated":true}]}}