{"id":9,"date":"2021-07-07T11:14:38","date_gmt":"2021-07-07T11:14:38","guid":{"rendered":"https:\/\/routex.com\/pl\/routex-is-an-international-network-alliance-between-aral-bp-circle-k-eni-and-omv-with-more-than-20000-sites-in-33-countries\/"},"modified":"2023-12-04T11:05:52","modified_gmt":"2023-12-04T11:05:52","slug":"routex-jest-miedzynarodowym-porozumieniem-sieciowym-zawartym-pomiedzy-aral-bp-circle-k-eni-oraz-omv-obejmujacym-ponad-20-000-stacji-w-33-krajach-na-terenie-europy","status":"publish","type":"page","link":"https:\/\/routex.com\/pl\/","title":{"rendered":"ROUTEX jest mi\u0119dzynarodowym porozumieniem sieciowym zawartym pomi\u0119dzy ARAL, bp, Circle K, Eni oraz OMV obejmuj\u0105cym ponad 21 000 stacji w 34 krajach na terenie Europy."},"content":{"rendered":"","protected":false},"excerpt":{"rendered":"","protected":false},"author":1,"featured_media":0,"parent":0,"menu_order":0,"comment_status":"closed","ping_status":"closed","template":"","meta":{"_acf_changed":false,"inline_featured_image":false,"footnotes":""},"class_list":["post-9","page","type-page","status-publish","hentry"],"acf":[],"_links":{"self":[{"href":"https:\/\/routex.com\/pl\/wp-json\/wp\/v2\/pages\/9","targetHints":{"allow":["GET"]}}],"collection":[{"href":"https:\/\/routex.com\/pl\/wp-json\/wp\/v2\/pages"}],"about":[{"href":"https:\/\/routex.com\/pl\/wp-json\/wp\/v2\/types\/page"}],"author":[{"embeddable":true,"href":"https:\/\/routex.com\/pl\/wp-json\/wp\/v2\/users\/1"}],"replies":[{"embeddable":true,"href":"https:\/\/routex.com\/pl\/wp-json\/wp\/v2\/comments?post=9"}],"version-history":[{"count":5,"href":"https:\/\/routex.com\/pl\/wp-json\/wp\/v2\/pages\/9\/revisions"}],"predecessor-version":[{"id":302,"href":"https:\/\/routex.com\/pl\/wp-json\/wp\/v2\/pages\/9\/revisions\/302"}],"wp:attachment":[{"href":"https:\/\/routex.com\/pl\/wp-json\/wp\/v2\/media?parent=9"}],"curies":[{"name":"wp","href":"https:\/\/api.w.org\/{rel}","templated":true}]}}