{"id":4,"date":"2021-07-07T13:54:05","date_gmt":"2021-07-07T13:54:05","guid":{"rendered":"https:\/\/routex.com\/ro\/about-routex\/"},"modified":"2025-11-18T10:51:40","modified_gmt":"2025-11-18T10:51:40","slug":"despre-routex","status":"publish","type":"page","link":"https:\/\/routex.com\/ro\/despre-routex\/","title":{"rendered":"Despre ROUTEX"},"content":{"rendered":"\n<p>Oriunde v\u0103 afla\u021bi \u00een Europa, un card de carburant cu func\u021bionalitate ROUTEX este cheia pentru a avea acces f\u0103r\u0103 numerar la carburan\u021bi, lubrifian\u021bi \u0219i alte produse \u0219i servicii de \u00eenalt\u0103 calitate, pe drum. ROUTEX este o alian\u021b\u0103 interna\u021bional\u0103 de re\u021bele format\u0103 din <a href=\"http:\/\/www.aral.de\/\" target=\"_blank\" rel=\"noreferrer noopener\">ARAL<\/a>, <a href=\"http:\/\/www.bp.com\/\" target=\"_blank\" rel=\"noreferrer noopener\">bp<\/a>, <a href=\"https:\/\/www.circlek.no\/\" target=\"_blank\" rel=\"noreferrer noopener\">Circle K Europe<\/a>, <a href=\"http:\/\/www.eni.com\/en_IT\/home.htm\" data-type=\"URL\" data-id=\"http:\/\/www.eni.com\/en_IT\/home.htm\" target=\"_blank\" rel=\"noreferrer noopener\">enilive <\/a>\u0219i <a href=\"https:\/\/www.omv.com\/en\" target=\"_blank\" rel=\"noreferrer noopener\">OMV<\/a>, ceea ce o face una dintre cele mai mari re\u021bele de carduri de carburant din Europa.<\/p>\n\n\n\n<p>Cardul dumneavoastr\u0103 de carburant cu sigla ROUTEX este cheia c\u0103tre peste 21.000 de sta\u021bii de alimentare din 34 de \u021b\u0103ri, inclusiv 7.600 de sta\u021bii de alimentare care sunt potrivite \u00een special pentru camioane \u0219i autobuze. Cardurile de carburant ROUTEX sunt acceptate de majoritatea operatorilor de taxe de drum din \u00eentreaga Europ\u0103, inclusiv de operatorii de sisteme de taxare electronic\u0103. Emitentul cardului de carburant v\u0103 poate oferi detalii despre cum pute\u021bi beneficia de aceast\u0103 ofert\u0103 excelent\u0103.<\/p>\n\n\n\n<p>Cardul de carburant ROUTEX v\u0103 men\u021bine mobilitatea chiar \u0219i \u00een cazul nepl\u0103cut al unei defec\u021biuni a vehiculului \u0219i ofer\u0103 servicii profesionale de asisten\u021b\u0103 pentru camioane \u0219i autobuze \u00een toat\u0103 Europa. Oriunde c\u0103l\u0103tori\u021bi \u00een Europa, o benzin\u0103rie sau un furnizor de servicii care accept\u0103 cardul de carburant ROUTEX se afl\u0103 \u00eentotdeauna \u00een apropiere.<\/p>\n\n\n\n<h2 class=\"wp-block-heading\">Routex for Trucks<\/h2>\n\n\n\n<p>Re\u021beaua ROUTEX for TRUCKS include sta\u021bii de benzin\u0103 amplasate strategic de-a lungul tuturor drumurilor europene importante.<\/p>\n\n\n\n<p>Aceste sta\u021bii de service ofer\u0103 serviciile \u0219i facilit\u0103\u021bile de care au nevoie transportatorii \u0219i camioanele interna\u021bionale: motorin\u0103 de calitate, motorin\u0103 pentru camioane, acolo unde este disponibil\u0103, AdBlue \u0219i, bine\u00een\u021beles, pompe de mare vitez\u0103 pentru a alimenta rapid vehiculele dumneavoastr\u0103. \u00cen multe locuri exist\u0103 benzi dedicate pentru camioane, precum \u0219i facilit\u0103\u021bi \u0219i servicii pentru \u0219oferi (care nu sunt disponibile \u00een sta\u021biile f\u0103r\u0103 personal).<\/p>\n\n\n\n<p>Bine\u00een\u021beles, toate sta\u021biile de service ROUTEX for TRUCKS ofer\u0103 func\u021bii complete de securitate online, care sunt disponibile ca standard \u00een 100% din re\u021beaua de sta\u021bii de service ROUTEX.<\/p>\n\n\n\n<p>3.000 de loca\u021bii ROUTEX for TRUCKS din 31 de \u021b\u0103ri europene accept\u0103 cardul dumneavoastr\u0103 de carburant ROUTEX ast\u0103zi. Utiliza\u021bi op\u021biunea Truck Routing din ROUTEX Location Finder \u0219i c\u0103uta\u021bi loca\u021bii de-a lungul rutelor preferate.<\/p>\n\n\n\n<h2 class=\"wp-block-heading\">Taxe rutiere, taxe de drum \u0219i servicii<\/h2>\n\n\n\n<p>Cele mai multe taxe de utilizare a drumurilor \u0219i taxe de drum europene pot fi ob\u021binute cu cardul de carburant ROUTEX: folosi\u021bi contul cardului dumneavoastr\u0103 de carburant pentru a v\u0103 \u00eenregistra pentru unit\u0103\u021bile de bord postpl\u0103tite sau pentru a re\u00eenc\u0103rca unit\u0103\u021bile de bord prepl\u0103tite prin simpla prezentare a cardului de carburant ROUTEX. EUROVIGNETTES poate fi achizi\u021bionat \u0219i online sau de la terminalele self-service.<\/p>\n\n\n\n<p>Cardurile de carburant cu sigla Routex sunt acceptate la cabinele de taxare ale marilor tuneluri \u0219i poduri din Europa. Pentru a afla pentru ce taxe, taxe de trecere sau servicii este acceptat cardul dumneavoastr\u0103 de carburant ROUTEX, adresa\u021bi-v\u0103 pur \u0219i simplu emitentului cardului dumneavoastr\u0103.<\/p>\n","protected":false},"excerpt":{"rendered":"<p>Oriunde v\u0103 afla\u021bi \u00een Europa, un card de carburant cu func\u021bionalitate ROUTEX este cheia pentru a avea acces f\u0103r\u0103 numerar la carburan\u021bi, lubrifian\u021bi \u0219i alte produse \u0219i servicii de \u00eenalt\u0103 &#8230;<\/p>\n","protected":false},"author":1,"featured_media":0,"parent":0,"menu_order":0,"comment_status":"closed","ping_status":"closed","template":"","meta":{"_acf_changed":false,"inline_featured_image":false,"footnotes":""},"class_list":["post-4","page","type-page","status-publish","hentry"],"acf":[],"_links":{"self":[{"href":"https:\/\/routex.com\/ro\/wp-json\/wp\/v2\/pages\/4","targetHints":{"allow":["GET"]}}],"collection":[{"href":"https:\/\/routex.com\/ro\/wp-json\/wp\/v2\/pages"}],"about":[{"href":"https:\/\/routex.com\/ro\/wp-json\/wp\/v2\/types\/page"}],"author":[{"embeddable":true,"href":"https:\/\/routex.com\/ro\/wp-json\/wp\/v2\/users\/1"}],"replies":[{"embeddable":true,"href":"https:\/\/routex.com\/ro\/wp-json\/wp\/v2\/comments?post=4"}],"version-history":[{"count":17,"href":"https:\/\/routex.com\/ro\/wp-json\/wp\/v2\/pages\/4\/revisions"}],"predecessor-version":[{"id":308,"href":"https:\/\/routex.com\/ro\/wp-json\/wp\/v2\/pages\/4\/revisions\/308"}],"wp:attachment":[{"href":"https:\/\/routex.com\/ro\/wp-json\/wp\/v2\/media?parent=4"}],"curies":[{"name":"wp","href":"https:\/\/api.w.org\/{rel}","templated":true}]}}