{"id":7,"date":"2021-07-07T13:54:05","date_gmt":"2021-07-07T13:54:05","guid":{"rendered":"https:\/\/routex.com\/ro\/privacy-policy\/"},"modified":"2021-12-21T13:58:23","modified_gmt":"2021-12-21T13:58:23","slug":"politica-de-confidentialitate-a-routex-b-v","status":"publish","type":"page","link":"https:\/\/routex.com\/ro\/politica-de-confidentialitate-a-routex-b-v\/","title":{"rendered":"Politica de confiden\u021bialitate a Routex B.V."},"content":{"rendered":"\n<p><a rel=\"noreferrer noopener\" href=\"https:\/\/www.routex.com\/fileadmin\/user_upload\/180525-datenschutzerklaerung-routex.pdf\" target=\"_blank\">Version 1.0 \/ 25.05.2018 [PDF]<\/a><\/p>\n\n\n\n<p>ROUTEX B.V. ia foarte \u00een serios protec\u021bia datelor dumneavoastr\u0103 cu caracter personal \u0219i trateaz\u0103 datele dumneavoastr\u0103 cu caracter personal \u00een mod confiden\u021bial \u0219i \u00een conformitate cu reglement\u0103rile legale.<\/p>\n\n\n\n<p>V\u0103 rug\u0103m s\u0103 re\u021bine\u021bi c\u0103 transmiterea de date prin internet poate avea lacune de securitate. Nu este posibil\u0103 o protec\u021bie complet\u0103 \u00eempotriva accesului ter\u021bilor.<\/p>\n\n\n\n<p>Deoarece ROUTEX B.V. nu este o companie opera\u021bional\u0103, prelucr\u0103m datele clien\u021bilor doar \u00een cazuri excep\u021bionale. Prelucr\u0103m datele dumneavoastr\u0103 cu caracter personal numai dac\u0103 contacta\u021bi unul dintre partenerii no\u0219tri de alian\u021b\u0103 prin intermediul formularului de contact de pe acest site web sau dac\u0103 ne trimite\u021bi un e-mail la unul dintre conturile noastre de e-mail. Aceast\u0103 procesare este efectuat\u0103 pentru a v\u0103 \u00eendeplini cererile \u0219i pentru a r\u0103spunde la solicit\u0103rile dumneavoastr\u0103 de contact.<br>Colect\u0103m \u0219i stoc\u0103m urm\u0103toarele date cu caracter personal:<\/p>\n\n\n\n<ul class=\"wp-block-list\"><li>Numele dumneavoastr\u0103<\/li><li>datele de contact pe care le furniza\u021bi atunci c\u00e2nd ne contacta\u021bi<\/li><li>ora la care ne-a\u021bi contactat<\/li><\/ul>\n\n\n\n<p>Dac\u0103 utiliza\u021bi formularul de contact furnizat pe acest site web, vom transmite cererea dvs., inclusiv datele cu caracter personal dezv\u0103luite prin intermediul sistemelor noastre, c\u0103tre membrii Alian\u021bei Re\u021belei ROUTEX, \u00een func\u021bie de selec\u021bia dvs. Stoc\u0103m datele dumneavoastr\u0103 timp de trei luni pentru a v\u0103 putea oferi informa\u021bii \u00een cazul unor \u00eentreb\u0103ri. Dup\u0103 trei luni, datele cu caracter personal pe care le-am primit \u00een acest mod vor fi \u0219terse definitiv din sistemele noastre opera\u021bionale. Din motive tehnice, nu se poate exclude faptul c\u0103 aceste date vor fi totu\u0219i p\u0103strate \u00een copii de arhiv\u0103. Dac\u0103 folosi\u021bi formularul de contact, nu ve\u021bi primi niciun e-mail de la Routex B.V. \u00een afar\u0103 de e-mailul de confirmare c\u0103 solicitarea dvs. a fost transmis\u0103, cu excep\u021bia cazului \u00een care solicita\u021bi \u00een mod expres acest lucru.<br>Dac\u0103 ne trimite\u021bi un e-mail, vom p\u0103stra datele dvs. personale timp de cel pu\u021bin \u0219apte ani, cu excep\u021bia cazului \u00een care exist\u0103 o obliga\u021bie legal\u0103 de a le p\u0103stra mai mult timp sau dac\u0103 interesele noastre legitime o cer.<\/p>\n\n\n\n<h2 class=\"wp-block-heading\">Date de acces la internet<\/h2>\n\n\n\n<p>Atunci c\u00e2nd accesa\u021bi site-ul nostru web, furnizorii no\u0219tri, iS-Fun Internet Services GmbH, Badhausweg 8, 76307 Karlsbad, Germania, info@is-fun.de, \u0219i WIGeoGIS Softwareerstellungs- und Handelsgesellschaft m.b.H., Hansalgasse 3, 1030 Viena, Austria, vie@wigeogis.com, colecteaz\u0103 date despre accesul dvs. la site-ul web \u0219i le stocheaz\u0103 ca &#8222;fi\u0219iere jurnal de server&#8221;. Urm\u0103toarele date sunt \u00eenregistrate \u00een acest mod:<\/p>\n\n\n\n<ul class=\"wp-block-list\"><li>Pagini vizitate<\/li><li>Ora la momentul acces\u0103rii<\/li><li>Cantitatea de date trimise \u00een octe\u021bi<\/li><li>Sursa\/referin\u021ba de la care a\u021bi ajuns la pagina respectiv\u0103<\/li><li>Adresa dumneavoastr\u0103 IP<\/li><li>Browser utilizat<\/li><li>Sistemul de operare utilizat<\/li><\/ul>\n\n\n\n<p>Datele colectate sunt utilizate exclusiv pentru analize statistice \u0219i pentru \u00eembun\u0103t\u0103\u021birea site-ului web. Cu toate acestea, furnizorii paginilor \u00ee\u0219i rezerv\u0103 dreptul de a verifica retrospectiv fi\u0219ierele jurnal ale serverului \u00een cazul \u00een care exist\u0103 indicii concrete de utilizare ilegal\u0103. Fi\u0219ierele jurnal ale serverului sunt p\u0103strate timp de trei luni pentru a permite securitatea tehnic\u0103 a site-ului nostru web.<br>Ne pute\u021bi contacta prin intermediul detaliilor de contact furnizate \u00een acest document.<\/p>\n\n\n\n<h2 class=\"wp-block-heading\">Cookie-uri<\/h2>\n\n\n\n<p>Acest site web utilizeaz\u0103 module cookie. Atunci c\u00e2nd accesa\u021bi pentru prima dat\u0103 site-ul nostru, vi se va cere s\u0103 gestiona\u021bi \u0219i s\u0103 confirma\u021bi set\u0103rile cookie-urilor. Cookie-urile sunt fi\u0219iere text de mici dimensiuni care sunt stocate pe dispozitivul dumneavoastr\u0103. Browserul dvs. acceseaz\u0103 aceste fi\u0219iere. Utilizarea modulelor cookie spore\u0219te u\u0219urin\u021ba de utilizare \u0219i securitatea acestui site web. Browserele obi\u0219nuite ofer\u0103 op\u021biunea de a nu accepta cookie-uri. Not\u0103: Nu se poate garanta c\u0103 ve\u021bi putea utiliza toate func\u021biile acestui site web f\u0103r\u0103 restric\u021bii dac\u0103 efectua\u021bi set\u0103rile corespunz\u0103toare.<br>Dac\u0103 folosi\u021bi Site Finder sau Route Planner, aceste servicii sunt furnizate de platforma BING Map Platform a Microsoft(c). Microsoft poate colecta informa\u021bii de la dvs. \u00een leg\u0103tur\u0103 cu solicit\u0103rile de tranzac\u021bie c\u0103tre Servicii, cum ar fi adresa IP a unui utilizator final, solicit\u0103rile, momentul trimiterii \u0219i rezultatele returnate utilizatorului final. Atunci c\u00e2nd utiliza\u021bi Bing Maps, \u00een\u021belege\u021bi \u0219i recunoa\u0219te\u021bi c\u0103 Serviciile colecteaz\u0103 informa\u021bii neidentificabile despre utilizarea de c\u0103tre dumneavoastr\u0103 a Serviciilor. Sunte\u021bi de acord c\u0103 Microsoft poate partaja aceste date cu ter\u021be p\u0103r\u021bi. Orice acces sau utilizare a Serviciilor este supus\u0103 practicilor privind datele prev\u0103zute \u00een <a href=\"https:\/\/privacy.microsoft.com\/ro-ro\/privacystatement\" target=\"_blank\" rel=\"noreferrer noopener\">Declara\u021bia de confiden\u021bialitate Microsoft<\/a> \u00een vigoare la momentul respectiv.<\/p>\n\n\n\n<h2 class=\"wp-block-heading\"><strong>Google-Analytics<\/strong><\/h2>\n\n\n\n<p>Acest site utilizeaz\u0103 serviciul &#8222;Google Analytics&#8221;, care este furnizat de Google Inc. (1600 Amphitheatre Parkway Mountain View, CA 94043, SUA) pentru a permite o analiz\u0103 a utiliz\u0103rii site-ului web de c\u0103tre utilizatori. Serviciul utilizeaz\u0103 &#8222;cookie-uri&#8221; &#8211; fi\u0219iere text care sunt stocate pe dispozitivul dumneavoastr\u0103. Informa\u021biile colectate prin cookie-uri sunt de obicei transferate c\u0103tre un server Google din SUA \u0219i stocate acolo. Pe acest site web se utilizeaz\u0103 anonimizarea IP. \u00cen acest proces, adresa IP a utilizatorilor din statele membre ale UE \u0219i din Spa\u021biul Economic European este scurtat\u0103. Aceast\u0103 prescurtare elimin\u0103 referin\u021ba personal\u0103 la adresa dumneavoastr\u0103 IP. \u00cen cadrul acordului contractual privind datele \u00eencheiat \u00eentre operatorii site-ului web \u0219i Google Inc., Google va utiliza informa\u021biile pentru a colecta \u0219i evalua utilizarea site-ului web \u0219i activit\u0103\u021bile acestuia, precum \u0219i pentru a furniza servicii suplimentare legate de utilizarea internetului.<\/p>\n\n\n\n<p>Ave\u021bi posibilitatea de a \u00eempiedica stocarea de cookie-uri pe dispozitivul dumneavoastr\u0103 prin efectuarea set\u0103rilor corespunz\u0103toare \u00een browserul dumneavoastr\u0103. Nu se poate garanta c\u0103 ve\u021bi putea utiliza toate func\u021biile acestui site web f\u0103r\u0103 restric\u021bii dac\u0103 browserul dvs. nu permite cookie-uri.<br>De asemenea, pute\u021bi \u00eempiedica colectarea datelor generate de cookie \u0219i legate de utilizarea de c\u0103tre dvs. a site-ului web (inclusiv adresa dvs. IP) c\u0103tre Google \u0219i prelucrarea acestor date de c\u0103tre Google prin activarea plugin-ului pentru browser. Urm\u0103torul link v\u0103 va duce la plugin-ul corespunz\u0103tor: <a rel=\"noreferrer noopener\" href=\"https:\/\/tools.google.com\/dlpage\/gaoptout?hl=en\" target=\"_blank\">https:\/\/tools.google.com\/dlpage\/gaoptout?hl=en<\/a><\/p>\n\n\n\n<p>Informa\u021bii despre utilizarea datelor de c\u0103tre Google Inc. pot fi g\u0103site aici: <a rel=\"noreferrer noopener\" href=\"https:\/\/support.google.com\/analytics\/answer\/6004245?hl=ro\" target=\"_blank\" data-type=\"URL\" data-id=\"https:\/\/support.google.com\/analytics\/answer\/6004245?hl=ro\">https:\/\/support.google.com\/analytics\/answer\/6004245?hl=ro<\/a><\/p>\n\n\n\n<h2 class=\"wp-block-heading\">Hyperlink-uri<\/h2>\n\n\n\n<p>Site-ul ROUTEX poate con\u021bine linkuri externe c\u0103tre site-uri web ale unor ter\u021be p\u0103r\u021bi pentru informarea \u0219i confortul dumneavoastr\u0103. Dac\u0103 accesa\u021bi aceste linkuri, ve\u021bi p\u0103r\u0103si site-ul ROUTEX. ROUTEX nu are niciun control asupra acestor site-uri web sau asupra politicilor de confiden\u021bialitate ale acestora, care pot fi diferite de cele ale ROUTEX. Nu aprob\u0103m \u0219i nu facem nicio declara\u021bie cu privire la aceste site-uri web ale unor ter\u021be p\u0103r\u021bi. Politica de confiden\u021bialitate a ROUTEX nu se extinde la informa\u021biile personale pe care le furniza\u021bi unor ter\u021be p\u0103r\u021bi. V\u0103 \u00eencuraj\u0103m s\u0103 consulta\u021bi politica de confiden\u021bialitate a fiec\u0103rei companii \u00eenainte de a trimite informa\u021biile dumneavoastr\u0103 personale. Unele companii ter\u021be pot alege s\u0103 \u00eemp\u0103rt\u0103\u0219easc\u0103 informa\u021biile dvs. personale cu ROUTEX; o astfel de partajare este reglementat\u0103 de politica de confiden\u021bialitate a companiei ter\u021be respective.<\/p>\n\n\n\n<h2 class=\"wp-block-heading\">Drepturile dumneavoastr\u0103<\/h2>\n\n\n\n<p>Ave\u021bi dreptul la informare, rectificare, \u0219tergere, restric\u021bionare, portabilitate a datelor \u0219i opozi\u021bie la prelucrarea datelor. \u00cen acest scop, v\u0103 rug\u0103m s\u0103 v\u0103 adresa\u021bi la datele de contact furnizate \u00een <a href=\"https:\/\/routex.com\/ro\/routex-imprint\/\" data-type=\"page\" data-id=\"8\">amprenta<\/a>. Dac\u0103 sunte\u021bi de p\u0103rere c\u0103 prelucrarea datelor dumneavoastr\u0103 \u00eencalc\u0103 legea privind protec\u021bia datelor sau c\u0103 drepturile dumneavoastr\u0103 privind protec\u021bia datelor au fost \u00eenc\u0103lcate \u00een orice alt mod, pute\u021bi depune o pl\u00e2ngere la autoritatea de supraveghere competent\u0103.<\/p>\n","protected":false},"excerpt":{"rendered":"<p>Version 1.0 \/ 25.05.2018 [PDF] ROUTEX B.V. ia foarte \u00een serios protec\u021bia datelor dumneavoastr\u0103 cu caracter personal \u0219i trateaz\u0103 datele dumneavoastr\u0103 cu caracter personal \u00een mod confiden\u021bial \u0219i \u00een conformitate &#8230;<\/p>\n","protected":false},"author":1,"featured_media":0,"parent":0,"menu_order":0,"comment_status":"closed","ping_status":"closed","template":"","meta":{"_acf_changed":false,"inline_featured_image":false,"footnotes":""},"class_list":["post-7","page","type-page","status-publish","hentry"],"acf":[],"_links":{"self":[{"href":"https:\/\/routex.com\/ro\/wp-json\/wp\/v2\/pages\/7","targetHints":{"allow":["GET"]}}],"collection":[{"href":"https:\/\/routex.com\/ro\/wp-json\/wp\/v2\/pages"}],"about":[{"href":"https:\/\/routex.com\/ro\/wp-json\/wp\/v2\/types\/page"}],"author":[{"embeddable":true,"href":"https:\/\/routex.com\/ro\/wp-json\/wp\/v2\/users\/1"}],"replies":[{"embeddable":true,"href":"https:\/\/routex.com\/ro\/wp-json\/wp\/v2\/comments?post=7"}],"version-history":[{"count":11,"href":"https:\/\/routex.com\/ro\/wp-json\/wp\/v2\/pages\/7\/revisions"}],"predecessor-version":[{"id":255,"href":"https:\/\/routex.com\/ro\/wp-json\/wp\/v2\/pages\/7\/revisions\/255"}],"wp:attachment":[{"href":"https:\/\/routex.com\/ro\/wp-json\/wp\/v2\/media?parent=7"}],"curies":[{"name":"wp","href":"https:\/\/api.w.org\/{rel}","templated":true}]}}