{"id":8,"date":"2021-07-07T13:54:05","date_gmt":"2021-07-07T13:54:05","guid":{"rendered":"https:\/\/routex.com\/ro\/routex-imprint\/"},"modified":"2025-07-30T06:45:49","modified_gmt":"2025-07-30T06:45:49","slug":"routex-imprint","status":"publish","type":"page","link":"https:\/\/routex.com\/ro\/routex-imprint\/","title":{"rendered":"ROUTEX Imprint"},"content":{"rendered":"\n<h2 class=\"wp-block-heading\">ROUTEX B.V.<\/h2>\n\n\n\n<p>Sediul social: Strawinskylaan 1163, 1077XX, Amsterdam, \u021a\u0103rile de Jos<br>Adresa po\u0219tal\u0103: Postbus 74761, 1070BT AMSTERDAM<br>Nr. de \u00eenregistrare \u00een registrul comer\u021bului 33169615, num\u0103r de identificare TVA NL001732821B01<\/p>\n\n\n\n<p><strong>Administratori:<\/strong><br>Dl Michael Brell<br>Dl Kristaps Jermacans<br>Dl Zoltan Nick<br>DI Alessandro Moretti<\/p>\n\n\n\n<p><strong><em>Dac\u0103 ave\u021bi \u00eentreb\u0103ri despre cardul sau contul dumneavoastr\u0103, v\u0103 rug\u0103m <a href=\"https:\/\/routex.com\/ro\/contactati-un-partener-routex\/\" data-type=\"page\" data-id=\"6\">s\u0103 contacta\u021bi emitentul cardului <\/a>(Aral, bp, Circle K, enilive, OMV sau Petrom).<\/em><\/strong><br><br><strong>Reprezentant autorizat:<\/strong><br>Dl. Benedikt Hans, chairman@routex.com<\/p>\n\n\n\n<p><strong>Site-ul este \u00eentre\u021binut de:<\/strong><br>Movonova GmbH, webmaster@routex.com<\/p>\n\n\n\n<p>Kunigundberggasse 37\/1, 2380 Perchtoldsdorf Austria<br>Tel.: +43 664 7827 0102<\/p>\n\n\n\n<p>Nr. de \u00eenregistrare a societ\u0103\u021bii: 609763k<\/p>\n\n\n\n<p><strong>Proiectare \u0219i programare web<\/strong><br><a href=\"https:\/\/www.45grad.de\" target=\"_blank\" rel=\"noreferrer noopener\">45 Grad digital GmbH<\/a>, Danckelmannstra\u00dfe 34, 14059 Berlin, Germania<\/p>\n\n\n\n<p><strong>Programarea Sitefinder \u0219i a planificatorului de rute<\/strong><br><a href=\"https:\/\/www.wigeogis.com\" target=\"_blank\" rel=\"noreferrer noopener\">WIGeoGIS Softwareerstellungs- und Handelsgesellschaft m.b.H<\/a>., Hansalgasse 3, 1030 Wien, Austria<\/p>\n\n\n\n<p><strong>G\u0103zduire de c\u0103tre<\/strong><br><a href=\"https:\/\/www.is-fun.de\/\" target=\"_blank\" rel=\"noreferrer noopener\">iS-Fun Internet Services GmbH<\/a>, Badhausweg 8, Karlsbad DE 76307, Germania.<br>Num\u0103r de \u00eenregistrare: HRB 36262626 (Tribunalul local Mannheim)<br>Num\u0103r de TVA: DE225440449<br>Manager: Robin Fundinger<\/p>\n","protected":false},"excerpt":{"rendered":"<p>ROUTEX B.V. Sediul social: Strawinskylaan 1163, 1077XX, Amsterdam, \u021a\u0103rile de JosAdresa po\u0219tal\u0103: Postbus 74761, 1070BT AMSTERDAMNr. de \u00eenregistrare \u00een registrul comer\u021bului 33169615, num\u0103r de identificare TVA NL001732821B01 Administratori:Dl Michael BrellDl &#8230;<\/p>\n","protected":false},"author":1,"featured_media":0,"parent":0,"menu_order":0,"comment_status":"closed","ping_status":"closed","template":"","meta":{"_acf_changed":false,"inline_featured_image":false,"footnotes":""},"class_list":["post-8","page","type-page","status-publish","hentry"],"acf":[],"_links":{"self":[{"href":"https:\/\/routex.com\/ro\/wp-json\/wp\/v2\/pages\/8","targetHints":{"allow":["GET"]}}],"collection":[{"href":"https:\/\/routex.com\/ro\/wp-json\/wp\/v2\/pages"}],"about":[{"href":"https:\/\/routex.com\/ro\/wp-json\/wp\/v2\/types\/page"}],"author":[{"embeddable":true,"href":"https:\/\/routex.com\/ro\/wp-json\/wp\/v2\/users\/1"}],"replies":[{"embeddable":true,"href":"https:\/\/routex.com\/ro\/wp-json\/wp\/v2\/comments?post=8"}],"version-history":[{"count":17,"href":"https:\/\/routex.com\/ro\/wp-json\/wp\/v2\/pages\/8\/revisions"}],"predecessor-version":[{"id":307,"href":"https:\/\/routex.com\/ro\/wp-json\/wp\/v2\/pages\/8\/revisions\/307"}],"wp:attachment":[{"href":"https:\/\/routex.com\/ro\/wp-json\/wp\/v2\/media?parent=8"}],"curies":[{"name":"wp","href":"https:\/\/api.w.org\/{rel}","templated":true}]}}